{"id":4932,"date":"2026-01-31T16:55:41","date_gmt":"2026-01-31T15:55:41","guid":{"rendered":"https:\/\/kvt-info.shop\/produkt\/anlegerumbau-sk11-2\/"},"modified":"2026-01-31T16:56:04","modified_gmt":"2026-01-31T15:56:04","slug":"anlegerumbau-sk11-2","status":"publish","type":"product","link":"https:\/\/kvt-info.shop\/en\/produkt\/anlegerumbau-sk11-2\/","title":{"rendered":"Anlegerumbau SK11"},"content":{"rendered":"<p>Anlegerumbau SK11 auf Zugband-Riemen mit Spannm\u00f6glichkeitSatz beinhaltet: 6x Riemen mit Zugband 4x Flanschlager 2 x Platten f\u00fcr die Riemenspannung 2 x Riemenf\u00fchrungen im Tausch (Aluplatten)<\/p>\n","protected":false},"excerpt":{"rendered":"<p>Anlegerumbau SK11 auf Zugband-Riemen mit Spannm\u00f6glichkeitSatz beinhaltet: 6x Riemen mit Zugband 4x Flanschlager 2 x Platten f\u00fcr die Riemenspannung 2 x Riemenf\u00fchrungen im Tausch (Aluplatten)<\/p>\n","protected":false},"featured_media":0,"template":"","meta":{"_themeisle_gutenberg_block_has_review":false},"product_brand":[],"product_cat":[15],"product_tag":[],"class_list":{"0":"post-4932","1":"product","2":"type-product","3":"status-publish","5":"product_cat-unkategorisiert","7":"first","8":"instock","9":"purchasable","10":"product-type-simple"},"_links":{"self":[{"href":"https:\/\/kvt-info.shop\/en\/wp-json\/wp\/v2\/product\/4932","targetHints":{"allow":["GET"]}}],"collection":[{"href":"https:\/\/kvt-info.shop\/en\/wp-json\/wp\/v2\/product"}],"about":[{"href":"https:\/\/kvt-info.shop\/en\/wp-json\/wp\/v2\/types\/product"}],"wp:attachment":[{"href":"https:\/\/kvt-info.shop\/en\/wp-json\/wp\/v2\/media?parent=4932"}],"wp:term":[{"taxonomy":"product_brand","embeddable":true,"href":"https:\/\/kvt-info.shop\/en\/wp-json\/wp\/v2\/product_brand?post=4932"},{"taxonomy":"product_cat","embeddable":true,"href":"https:\/\/kvt-info.shop\/en\/wp-json\/wp\/v2\/product_cat?post=4932"},{"taxonomy":"product_tag","embeddable":true,"href":"https:\/\/kvt-info.shop\/en\/wp-json\/wp\/v2\/product_tag?post=4932"}],"curies":[{"name":"wp","href":"https:\/\/api.w.org\/{rel}","templated":true}]}}