{"id":4930,"date":"2026-01-31T16:55:01","date_gmt":"2026-01-31T15:55:01","guid":{"rendered":"https:\/\/kvt-info.shop\/produkt\/riemenkantenfaltung-5-teilig-komplett\/"},"modified":"2026-01-31T16:55:24","modified_gmt":"2026-01-31T15:55:24","slug":"riemenkantenfaltung-5-teilig-komplett","status":"publish","type":"product","link":"https:\/\/kvt-info.shop\/en\/produkt\/riemenkantenfaltung-5-teilig-komplett\/","title":{"rendered":"Riemenkantenfaltung 5-teilig komplett"},"content":{"rendered":"<p>Riemenkantenfaltung komplett 5-teilig besteht aus folgenden Komponenten:\t-3x Halterung \u00d825mm\t-1x F\u00fchrungsschiene kurz\t-1x F\u00fchrungsschiene lang<\/p>\n","protected":false},"excerpt":{"rendered":"<p>Riemenkantenfaltung komplett 5-teilig besteht aus folgenden Komponenten: -3x Halterung \u00d825mm -1x F\u00fchrungsschiene kurz -1x F\u00fchrungsschiene lang<\/p>\n","protected":false},"featured_media":0,"template":"","meta":{"_themeisle_gutenberg_block_has_review":false},"product_brand":[],"product_cat":[15],"product_tag":[],"class_list":{"0":"post-4930","1":"product","2":"type-product","3":"status-publish","5":"product_cat-unkategorisiert","7":"first","8":"instock","9":"purchasable","10":"product-type-simple"},"_links":{"self":[{"href":"https:\/\/kvt-info.shop\/en\/wp-json\/wp\/v2\/product\/4930","targetHints":{"allow":["GET"]}}],"collection":[{"href":"https:\/\/kvt-info.shop\/en\/wp-json\/wp\/v2\/product"}],"about":[{"href":"https:\/\/kvt-info.shop\/en\/wp-json\/wp\/v2\/types\/product"}],"wp:attachment":[{"href":"https:\/\/kvt-info.shop\/en\/wp-json\/wp\/v2\/media?parent=4930"}],"wp:term":[{"taxonomy":"product_brand","embeddable":true,"href":"https:\/\/kvt-info.shop\/en\/wp-json\/wp\/v2\/product_brand?post=4930"},{"taxonomy":"product_cat","embeddable":true,"href":"https:\/\/kvt-info.shop\/en\/wp-json\/wp\/v2\/product_cat?post=4930"},{"taxonomy":"product_tag","embeddable":true,"href":"https:\/\/kvt-info.shop\/en\/wp-json\/wp\/v2\/product_tag?post=4930"}],"curies":[{"name":"wp","href":"https:\/\/api.w.org\/{rel}","templated":true}]}}