{"id":4923,"date":"2026-01-31T16:53:11","date_gmt":"2026-01-31T15:53:11","guid":{"rendered":"https:\/\/kvt-info.shop\/produkt\/vorbrecher-gebraucht-fuer-gbs-jagenberg-diana\/"},"modified":"2026-01-31T16:53:15","modified_gmt":"2026-01-31T15:53:15","slug":"vorbrecher-gebraucht-fuer-gbs-jagenberg-diana","status":"publish","type":"product","link":"https:\/\/kvt-info.shop\/en\/produkt\/vorbrecher-gebraucht-fuer-gbs-jagenberg-diana\/","title":{"rendered":"Vorbrecher gebraucht f\u00fcr GBS Jagenberg Diana"},"content":{"rendered":"<p>Vorbrecher Gegenbedienseite f\u00fcr Jagenberg Diana mit Einf\u00fchrungsrolle, gebraucht.<\/p>\n","protected":false},"excerpt":{"rendered":"<p>Vorbrecher Gegenbedienseite f\u00fcr Jagenberg Diana mit Einf\u00fchrungsrolle, gebraucht.<\/p>\n","protected":false},"featured_media":0,"template":"","meta":{"_themeisle_gutenberg_block_has_review":false},"product_brand":[],"product_cat":[15],"product_tag":[],"class_list":{"0":"post-4923","1":"product","2":"type-product","3":"status-publish","5":"product_cat-unkategorisiert","7":"first","8":"instock","9":"purchasable","10":"product-type-simple"},"_links":{"self":[{"href":"https:\/\/kvt-info.shop\/en\/wp-json\/wp\/v2\/product\/4923","targetHints":{"allow":["GET"]}}],"collection":[{"href":"https:\/\/kvt-info.shop\/en\/wp-json\/wp\/v2\/product"}],"about":[{"href":"https:\/\/kvt-info.shop\/en\/wp-json\/wp\/v2\/types\/product"}],"wp:attachment":[{"href":"https:\/\/kvt-info.shop\/en\/wp-json\/wp\/v2\/media?parent=4923"}],"wp:term":[{"taxonomy":"product_brand","embeddable":true,"href":"https:\/\/kvt-info.shop\/en\/wp-json\/wp\/v2\/product_brand?post=4923"},{"taxonomy":"product_cat","embeddable":true,"href":"https:\/\/kvt-info.shop\/en\/wp-json\/wp\/v2\/product_cat?post=4923"},{"taxonomy":"product_tag","embeddable":true,"href":"https:\/\/kvt-info.shop\/en\/wp-json\/wp\/v2\/product_tag?post=4923"}],"curies":[{"name":"wp","href":"https:\/\/api.w.org\/{rel}","templated":true}]}}