{"id":4905,"date":"2026-01-31T16:46:16","date_gmt":"2026-01-31T15:46:16","guid":{"rendered":"https:\/\/kvt-info.shop\/produkt\/stellmutter-formstation-fuehrungsschiene-links-l30mm\/"},"modified":"2026-01-31T16:46:40","modified_gmt":"2026-01-31T15:46:40","slug":"stellmutter-formstation-fuehrungsschiene-links-l30mm","status":"publish","type":"product","link":"https:\/\/kvt-info.shop\/en\/produkt\/stellmutter-formstation-fuehrungsschiene-links-l30mm\/","title":{"rendered":"Stellmutter Formstation F\u00fchrungsschiene links L=30mm"},"content":{"rendered":"<p>Stellmutter L=30mm mit Linksgewinde f\u00fcr Keck SK11 am Formstation F\u00fchrungsschiene.<\/p>\n","protected":false},"excerpt":{"rendered":"<p>Stellmutter L=30mm mit Linksgewinde f\u00fcr Keck SK11 am Formstation F\u00fchrungsschiene.<\/p>\n","protected":false},"featured_media":0,"template":"","meta":{"_themeisle_gutenberg_block_has_review":false},"product_brand":[],"product_cat":[15],"product_tag":[],"class_list":{"0":"post-4905","1":"product","2":"type-product","3":"status-publish","5":"product_cat-unkategorisiert","7":"first","8":"instock","9":"purchasable","10":"product-type-simple"},"_links":{"self":[{"href":"https:\/\/kvt-info.shop\/en\/wp-json\/wp\/v2\/product\/4905","targetHints":{"allow":["GET"]}}],"collection":[{"href":"https:\/\/kvt-info.shop\/en\/wp-json\/wp\/v2\/product"}],"about":[{"href":"https:\/\/kvt-info.shop\/en\/wp-json\/wp\/v2\/types\/product"}],"wp:attachment":[{"href":"https:\/\/kvt-info.shop\/en\/wp-json\/wp\/v2\/media?parent=4905"}],"wp:term":[{"taxonomy":"product_brand","embeddable":true,"href":"https:\/\/kvt-info.shop\/en\/wp-json\/wp\/v2\/product_brand?post=4905"},{"taxonomy":"product_cat","embeddable":true,"href":"https:\/\/kvt-info.shop\/en\/wp-json\/wp\/v2\/product_cat?post=4905"},{"taxonomy":"product_tag","embeddable":true,"href":"https:\/\/kvt-info.shop\/en\/wp-json\/wp\/v2\/product_tag?post=4905"}],"curies":[{"name":"wp","href":"https:\/\/api.w.org\/{rel}","templated":true}]}}