{"id":4901,"date":"2026-01-31T16:43:08","date_gmt":"2026-01-31T15:43:08","guid":{"rendered":"https:\/\/kvt-info.shop\/produkt\/fingerschutz-schutzvorrichtung-gross-fuer-bobst-maschinen\/"},"modified":"2026-01-31T16:43:17","modified_gmt":"2026-01-31T15:43:17","slug":"fingerschutz-schutzvorrichtung-gross-fuer-bobst-maschinen","status":"publish","type":"product","link":"https:\/\/kvt-info.shop\/en\/produkt\/fingerschutz-schutzvorrichtung-gross-fuer-bobst-maschinen\/","title":{"rendered":"Fingerschutz \/ Schutzvorrichtung gro\u00df f\u00fcr Bobst Maschinen"},"content":{"rendered":"<p>Fingerschutz \/ Schutzvorrichtung gro\u00df, f\u00fcr Bobst Maschinen. Mit folgenden Ma\u00dfen: L\u00e4nge=53mm, Breite=24mm, H\u00f6he=10mm.<\/p>\n","protected":false},"excerpt":{"rendered":"<p>Fingerschutz \/ Schutzvorrichtung gro\u00df, f\u00fcr Bobst Maschinen. Mit folgenden Ma\u00dfen: L\u00e4nge=53mm, Breite=24mm, H\u00f6he=10mm.<\/p>\n","protected":false},"featured_media":0,"template":"","meta":{"_themeisle_gutenberg_block_has_review":false},"product_brand":[],"product_cat":[15],"product_tag":[],"class_list":{"0":"post-4901","1":"product","2":"type-product","3":"status-publish","5":"product_cat-unkategorisiert","7":"first","8":"instock","9":"purchasable","10":"product-type-simple"},"_links":{"self":[{"href":"https:\/\/kvt-info.shop\/en\/wp-json\/wp\/v2\/product\/4901","targetHints":{"allow":["GET"]}}],"collection":[{"href":"https:\/\/kvt-info.shop\/en\/wp-json\/wp\/v2\/product"}],"about":[{"href":"https:\/\/kvt-info.shop\/en\/wp-json\/wp\/v2\/types\/product"}],"wp:attachment":[{"href":"https:\/\/kvt-info.shop\/en\/wp-json\/wp\/v2\/media?parent=4901"}],"wp:term":[{"taxonomy":"product_brand","embeddable":true,"href":"https:\/\/kvt-info.shop\/en\/wp-json\/wp\/v2\/product_brand?post=4901"},{"taxonomy":"product_cat","embeddable":true,"href":"https:\/\/kvt-info.shop\/en\/wp-json\/wp\/v2\/product_cat?post=4901"},{"taxonomy":"product_tag","embeddable":true,"href":"https:\/\/kvt-info.shop\/en\/wp-json\/wp\/v2\/product_tag?post=4901"}],"curies":[{"name":"wp","href":"https:\/\/api.w.org\/{rel}","templated":true}]}}