{"id":4896,"date":"2026-01-31T16:40:41","date_gmt":"2026-01-31T15:40:41","guid":{"rendered":"https:\/\/kvt-info.shop\/produkt\/niederhalter-buerste-600mm-lang\/"},"modified":"2026-01-31T16:40:48","modified_gmt":"2026-01-31T15:40:48","slug":"niederhalter-buerste-600mm-lang","status":"publish","type":"product","link":"https:\/\/kvt-info.shop\/en\/produkt\/niederhalter-buerste-600mm-lang\/","title":{"rendered":"Niederhalter B\u00fcrste 600mm lang"},"content":{"rendered":"<p>Niederhalter B\u00fcrste mit folgenden Ma\u00dfen: L=600mm, b=40mm.<\/p>\n","protected":false},"excerpt":{"rendered":"<p>Niederhalter B\u00fcrste mit folgenden Ma\u00dfen: L=600mm, b=40mm.<\/p>\n","protected":false},"featured_media":0,"template":"","meta":{"_themeisle_gutenberg_block_has_review":false},"product_brand":[],"product_cat":[15],"product_tag":[],"class_list":{"0":"post-4896","1":"product","2":"type-product","3":"status-publish","5":"product_cat-unkategorisiert","7":"first","8":"instock","9":"purchasable","10":"product-type-simple"},"_links":{"self":[{"href":"https:\/\/kvt-info.shop\/en\/wp-json\/wp\/v2\/product\/4896","targetHints":{"allow":["GET"]}}],"collection":[{"href":"https:\/\/kvt-info.shop\/en\/wp-json\/wp\/v2\/product"}],"about":[{"href":"https:\/\/kvt-info.shop\/en\/wp-json\/wp\/v2\/types\/product"}],"wp:attachment":[{"href":"https:\/\/kvt-info.shop\/en\/wp-json\/wp\/v2\/media?parent=4896"}],"wp:term":[{"taxonomy":"product_brand","embeddable":true,"href":"https:\/\/kvt-info.shop\/en\/wp-json\/wp\/v2\/product_brand?post=4896"},{"taxonomy":"product_cat","embeddable":true,"href":"https:\/\/kvt-info.shop\/en\/wp-json\/wp\/v2\/product_cat?post=4896"},{"taxonomy":"product_tag","embeddable":true,"href":"https:\/\/kvt-info.shop\/en\/wp-json\/wp\/v2\/product_tag?post=4896"}],"curies":[{"name":"wp","href":"https:\/\/api.w.org\/{rel}","templated":true}]}}