{"id":4895,"date":"2026-01-31T16:40:03","date_gmt":"2026-01-31T15:40:03","guid":{"rendered":"https:\/\/kvt-info.shop\/produkt\/andrueckrolle-stahl-am-einleger-oe75mm-x-12mm-ohne-gefederte-aufnahme\/"},"modified":"2026-01-31T16:40:33","modified_gmt":"2026-01-31T15:40:33","slug":"andrueckrolle-stahl-am-einleger-oe75mm-x-12mm-ohne-gefederte-aufnahme","status":"publish","type":"product","link":"https:\/\/kvt-info.shop\/en\/produkt\/andrueckrolle-stahl-am-einleger-oe75mm-x-12mm-ohne-gefederte-aufnahme\/","title":{"rendered":"Andr\u00fcckrolle Stahl am Einleger \u00d875mm x 12mm ohne gefederte Aufnahme"},"content":{"rendered":"<p>Andr\u00fcckrolle am Einleger, ohne gefederte Aufnahme, mit Kugellager und folgenden Ma\u00dfen: \u00d8Aussen=75mm, Breite= 12mm, \u00d8Absatz= 40mm, Breite= 4mm.<\/p>\n","protected":false},"excerpt":{"rendered":"<p>Andr\u00fcckrolle am Einleger, ohne gefederte Aufnahme, mit Kugellager und folgenden Ma\u00dfen: \u00d8Aussen=75mm, Breite= 12mm, \u00d8Absatz= 40mm, Breite= 4mm.<\/p>\n","protected":false},"featured_media":0,"template":"","meta":{"_themeisle_gutenberg_block_has_review":false},"product_brand":[],"product_cat":[15],"product_tag":[],"class_list":{"0":"post-4895","1":"product","2":"type-product","3":"status-publish","5":"product_cat-unkategorisiert","7":"first","8":"instock","9":"purchasable","10":"product-type-simple"},"_links":{"self":[{"href":"https:\/\/kvt-info.shop\/en\/wp-json\/wp\/v2\/product\/4895","targetHints":{"allow":["GET"]}}],"collection":[{"href":"https:\/\/kvt-info.shop\/en\/wp-json\/wp\/v2\/product"}],"about":[{"href":"https:\/\/kvt-info.shop\/en\/wp-json\/wp\/v2\/types\/product"}],"wp:attachment":[{"href":"https:\/\/kvt-info.shop\/en\/wp-json\/wp\/v2\/media?parent=4895"}],"wp:term":[{"taxonomy":"product_brand","embeddable":true,"href":"https:\/\/kvt-info.shop\/en\/wp-json\/wp\/v2\/product_brand?post=4895"},{"taxonomy":"product_cat","embeddable":true,"href":"https:\/\/kvt-info.shop\/en\/wp-json\/wp\/v2\/product_cat?post=4895"},{"taxonomy":"product_tag","embeddable":true,"href":"https:\/\/kvt-info.shop\/en\/wp-json\/wp\/v2\/product_tag?post=4895"}],"curies":[{"name":"wp","href":"https:\/\/api.w.org\/{rel}","templated":true}]}}