{"id":4893,"date":"2026-01-31T16:39:26","date_gmt":"2026-01-31T15:39:26","guid":{"rendered":"https:\/\/kvt-info.shop\/produkt\/klemmring-geschlitzt-fuer-hakensteuerung-schmale-ausfuehrung\/"},"modified":"2026-01-31T16:39:31","modified_gmt":"2026-01-31T15:39:31","slug":"klemmring-geschlitzt-fuer-hakensteuerung-schmale-ausfuehrung","status":"publish","type":"product","link":"https:\/\/kvt-info.shop\/en\/produkt\/klemmring-geschlitzt-fuer-hakensteuerung-schmale-ausfuehrung\/","title":{"rendered":"Klemmring geschlitzt f\u00fcr Hakensteuerung schmale Ausf\u00fchrung"},"content":{"rendered":"<p>Geschlitzter Klemmring, schmale Ausf\u00fchrung f\u00fcr Hakensteuerung \/ \u00dcberholfaltung, zur Befestigung \/ Klemmung der Hakensteuerungswelle. Klemmdurchmesser = 40 mm, Breite = 33 mm.<\/p>\n","protected":false},"excerpt":{"rendered":"<p>Geschlitzter Klemmring, schmale Ausf\u00fchrung f\u00fcr Hakensteuerung \/ \u00dcberholfaltung, zur Befestigung \/ Klemmung der Hakensteuerungswelle. Klemmdurchmesser = 40 mm, Breite = 33 mm.<\/p>\n","protected":false},"featured_media":0,"template":"","meta":{"_themeisle_gutenberg_block_has_review":false},"product_brand":[],"product_cat":[15],"product_tag":[],"class_list":{"0":"post-4893","1":"product","2":"type-product","3":"status-publish","5":"product_cat-unkategorisiert","7":"first","8":"instock","9":"purchasable","10":"product-type-simple"},"_links":{"self":[{"href":"https:\/\/kvt-info.shop\/en\/wp-json\/wp\/v2\/product\/4893","targetHints":{"allow":["GET"]}}],"collection":[{"href":"https:\/\/kvt-info.shop\/en\/wp-json\/wp\/v2\/product"}],"about":[{"href":"https:\/\/kvt-info.shop\/en\/wp-json\/wp\/v2\/types\/product"}],"wp:attachment":[{"href":"https:\/\/kvt-info.shop\/en\/wp-json\/wp\/v2\/media?parent=4893"}],"wp:term":[{"taxonomy":"product_brand","embeddable":true,"href":"https:\/\/kvt-info.shop\/en\/wp-json\/wp\/v2\/product_brand?post=4893"},{"taxonomy":"product_cat","embeddable":true,"href":"https:\/\/kvt-info.shop\/en\/wp-json\/wp\/v2\/product_cat?post=4893"},{"taxonomy":"product_tag","embeddable":true,"href":"https:\/\/kvt-info.shop\/en\/wp-json\/wp\/v2\/product_tag?post=4893"}],"curies":[{"name":"wp","href":"https:\/\/api.w.org\/{rel}","templated":true}]}}