{"id":4892,"date":"2026-01-31T16:38:47","date_gmt":"2026-01-31T15:38:47","guid":{"rendered":"https:\/\/kvt-info.shop\/produkt\/stuetzlager-abzug-oe30xoe10mm-sk11\/"},"modified":"2026-01-31T16:39:11","modified_gmt":"2026-01-31T15:39:11","slug":"stuetzlager-abzug-oe30xoe10mm-sk11","status":"publish","type":"product","link":"https:\/\/kvt-info.shop\/en\/produkt\/stuetzlager-abzug-oe30xoe10mm-sk11\/","title":{"rendered":"St\u00fctzlager Abzug \u00d830x\u00d810mm SK11"},"content":{"rendered":"<p>St\u00fctzlager f\u00fcr den Abzug \u00d830x\u00d810mm an der SK11, bedarf 2 St\u00fcck.<\/p>\n","protected":false},"excerpt":{"rendered":"<p>St\u00fctzlager f\u00fcr den Abzug \u00d830x\u00d810mm an der SK11, bedarf 2 St\u00fcck.<\/p>\n","protected":false},"featured_media":0,"template":"","meta":{"_themeisle_gutenberg_block_has_review":false},"product_brand":[],"product_cat":[15],"product_tag":[],"class_list":{"0":"post-4892","1":"product","2":"type-product","3":"status-publish","5":"product_cat-unkategorisiert","7":"first","8":"instock","9":"purchasable","10":"product-type-simple"},"_links":{"self":[{"href":"https:\/\/kvt-info.shop\/en\/wp-json\/wp\/v2\/product\/4892","targetHints":{"allow":["GET"]}}],"collection":[{"href":"https:\/\/kvt-info.shop\/en\/wp-json\/wp\/v2\/product"}],"about":[{"href":"https:\/\/kvt-info.shop\/en\/wp-json\/wp\/v2\/types\/product"}],"wp:attachment":[{"href":"https:\/\/kvt-info.shop\/en\/wp-json\/wp\/v2\/media?parent=4892"}],"wp:term":[{"taxonomy":"product_brand","embeddable":true,"href":"https:\/\/kvt-info.shop\/en\/wp-json\/wp\/v2\/product_brand?post=4892"},{"taxonomy":"product_cat","embeddable":true,"href":"https:\/\/kvt-info.shop\/en\/wp-json\/wp\/v2\/product_cat?post=4892"},{"taxonomy":"product_tag","embeddable":true,"href":"https:\/\/kvt-info.shop\/en\/wp-json\/wp\/v2\/product_tag?post=4892"}],"curies":[{"name":"wp","href":"https:\/\/api.w.org\/{rel}","templated":true}]}}