{"id":4891,"date":"2026-01-31T16:38:11","date_gmt":"2026-01-31T15:38:11","guid":{"rendered":"https:\/\/kvt-info.shop\/produkt\/achse-fuer-anfangs-endrolle-obere-station-oe8-l305mm-jagenberg-diana\/"},"modified":"2026-01-31T16:38:25","modified_gmt":"2026-01-31T15:38:25","slug":"achse-fuer-anfangs-endrolle-obere-station-oe8-l305mm-jagenberg-diana","status":"publish","type":"product","link":"https:\/\/kvt-info.shop\/en\/produkt\/achse-fuer-anfangs-endrolle-obere-station-oe8-l305mm-jagenberg-diana\/","title":{"rendered":"Achse f\u00fcr Anfangs \/ Endrolle obere Station \u00d88, L=30,5mm Jagenberg Diana"},"content":{"rendered":"<p>Achse f\u00fcr Anfangs \/ Endrolle obere Station f\u00fcr Jagenberg Diana, mit folgenden Ma\u00dfen: \u00d81=8mm, \u00d82=12mm, Lges.=30,5mm.<\/p>\n","protected":false},"excerpt":{"rendered":"<p>Achse f\u00fcr Anfangs \/ Endrolle obere Station f\u00fcr Jagenberg Diana, mit folgenden Ma\u00dfen: \u00d81=8mm, \u00d82=12mm, Lges.=30,5mm.<\/p>\n","protected":false},"featured_media":0,"template":"","meta":{"_themeisle_gutenberg_block_has_review":false},"product_brand":[],"product_cat":[15],"product_tag":[],"class_list":{"0":"post-4891","1":"product","2":"type-product","3":"status-publish","5":"product_cat-unkategorisiert","7":"first","8":"instock","9":"purchasable","10":"product-type-simple"},"_links":{"self":[{"href":"https:\/\/kvt-info.shop\/en\/wp-json\/wp\/v2\/product\/4891","targetHints":{"allow":["GET"]}}],"collection":[{"href":"https:\/\/kvt-info.shop\/en\/wp-json\/wp\/v2\/product"}],"about":[{"href":"https:\/\/kvt-info.shop\/en\/wp-json\/wp\/v2\/types\/product"}],"wp:attachment":[{"href":"https:\/\/kvt-info.shop\/en\/wp-json\/wp\/v2\/media?parent=4891"}],"wp:term":[{"taxonomy":"product_brand","embeddable":true,"href":"https:\/\/kvt-info.shop\/en\/wp-json\/wp\/v2\/product_brand?post=4891"},{"taxonomy":"product_cat","embeddable":true,"href":"https:\/\/kvt-info.shop\/en\/wp-json\/wp\/v2\/product_cat?post=4891"},{"taxonomy":"product_tag","embeddable":true,"href":"https:\/\/kvt-info.shop\/en\/wp-json\/wp\/v2\/product_tag?post=4891"}],"curies":[{"name":"wp","href":"https:\/\/api.w.org\/{rel}","templated":true}]}}