{"id":4879,"date":"2026-01-31T16:58:11","date_gmt":"2026-01-31T15:58:11","guid":{"rendered":"https:\/\/kvt-info.shop\/produkt\/ueberwachte-formateinstellung-digiset-zur-abspeicherung-der\/"},"modified":"2026-01-31T16:58:15","modified_gmt":"2026-01-31T15:58:15","slug":"ueberwachte-formateinstellung-digiset-zur-speicherung-von-spindelpositionen","status":"publish","type":"product","link":"https:\/\/kvt-info.shop\/en\/produkt\/ueberwachte-formateinstellung-digiset-zur-speicherung-von-spindelpositionen\/","title":{"rendered":"\u00dcberwachte Formateinstellung Digiset zur speicherung von Spindelpositionen"},"content":{"rendered":"<p>\u00dcberwachte Formateinstellung Digiset zur Abspeicherung der _x000D__x000D_<br \/>\nSpindelpositionen bei Wiederholauftr\u00e4gen._x000D__x000D_<br \/>\n_x000D__x000D_<br \/>\nBei diesem System kann die Position der einzelnen Stationen nach_x000D__x000D_<br \/>\nerstmaligem Einrichten mittels der Handkurbel im Zentralrechner_x000D__x000D_<br \/>\nabgespeichert werden um bei Wiederholauftr\u00e4gen die Maschineneinstellung_x000D__x000D_<br \/>\nschnell und unkompliziert wiederherzustellen._x000D__x000D_<br \/>\n_x000D__x000D_<br \/>\n-Flexible Maschinenkonzeption_x000D__x000D_<br \/>\n-Kurze Takt- bzw. Umr\u00fcstzeit in der Formatverstellung_x000D__x000D_<br \/>\n-Hohe Produktivit\u00e4t und Qualit\u00e4t_x000D__x000D_<br \/>\n-Schnelle Inbetriebnahme_x000D__x000D_<br \/>\n-Hohe Verf\u00fcgbarkeit und wartungsfrei_x000D__x000D_<br \/>\n_x000D__x000D_<br \/>\nDas System besteht aus einem Zentralrechner, ETC 5000 Bildschirm und_x000D__x000D_<br \/>\nzweizeiligen LCD Anzeigen f\u00fcr Soll &#8211; Istposition._x000D__x000D_<br \/>\nOptische Statusanzeige mittels rot \/ gr\u00fcner LED._x000D__x000D_<br \/>\n_x000D__x000D_<br \/>\nPreis Basiszentralrechner incl. Bedienbildschirm \/ Geh\u00e4use EUR 5.800,00_x000D__x000D_<br \/>\nPreis je Positionsanzeige \/ Verstellspindel EUR 650,00_x000D__x000D_<br \/>\n_x000D__x000D_<br \/>\nAlle Preise sind inclusive Einbau und Montagematerial_x000D__x000D_<br \/>\n_x000D__x000D_<br \/>\n_x000D__x000D_<br \/>\n_x000D__x000D_<\/p>\n","protected":false},"excerpt":{"rendered":"<p>\u00dcberwachte Formateinstellung Digiset zur Abspeicherung der _x000D__x000D_ Spindelpositionen bei Wiederholauftr\u00e4gen._x000D__x000D_ _x000D__x000D_ Bei diesem System kann die Position der einzelnen Stationen nach_x000D__x000D_ erstmaligem Einrichten mittels der Handkurbel im Zentralrechner_x000D__x000D_ abgespeichert werden um bei Wiederholauftr\u00e4gen die Maschineneinstellung_x000D__x000D_ schnell und unkompliziert wiederherzustellen._x000D__x000D_ _x000D__x000D_ -Flexible Maschinenkonzeption_x000D__x000D_ -Kurze Takt- bzw. Umr\u00fcstzeit in der Formatverstellung_x000D__x000D_ -Hohe Produktivit\u00e4t und Qualit\u00e4t_x000D__x000D_ -Schnelle Inbetriebnahme_x000D__x000D_ [&hellip;]<\/p>\n","protected":false},"featured_media":0,"template":"","meta":{"_themeisle_gutenberg_block_has_review":false},"product_brand":[],"product_cat":[15],"product_tag":[],"class_list":{"0":"post-4879","1":"product","2":"type-product","3":"status-publish","5":"product_cat-unkategorisiert","7":"first","8":"instock","9":"purchasable","10":"product-type-simple"},"_links":{"self":[{"href":"https:\/\/kvt-info.shop\/en\/wp-json\/wp\/v2\/product\/4879","targetHints":{"allow":["GET"]}}],"collection":[{"href":"https:\/\/kvt-info.shop\/en\/wp-json\/wp\/v2\/product"}],"about":[{"href":"https:\/\/kvt-info.shop\/en\/wp-json\/wp\/v2\/types\/product"}],"wp:attachment":[{"href":"https:\/\/kvt-info.shop\/en\/wp-json\/wp\/v2\/media?parent=4879"}],"wp:term":[{"taxonomy":"product_brand","embeddable":true,"href":"https:\/\/kvt-info.shop\/en\/wp-json\/wp\/v2\/product_brand?post=4879"},{"taxonomy":"product_cat","embeddable":true,"href":"https:\/\/kvt-info.shop\/en\/wp-json\/wp\/v2\/product_cat?post=4879"},{"taxonomy":"product_tag","embeddable":true,"href":"https:\/\/kvt-info.shop\/en\/wp-json\/wp\/v2\/product_tag?post=4879"}],"curies":[{"name":"wp","href":"https:\/\/api.w.org\/{rel}","templated":true}]}}