{"id":4878,"date":"2026-01-31T16:48:50","date_gmt":"2026-01-31T15:48:50","guid":{"rendered":"https:\/\/kvt-info.shop\/produkt\/umbausatz-fuer-halbautomatische-verstellung-ohne-anzeige-fuer-jagenberg-diana-pro\/"},"modified":"2026-01-31T16:48:58","modified_gmt":"2026-01-31T15:48:58","slug":"umbausatz-fuer-halbautomatische-verstellung-ohne-anzeige-fuer-jagenberg-diana-pro","status":"publish","type":"product","link":"https:\/\/kvt-info.shop\/en\/produkt\/umbausatz-fuer-halbautomatische-verstellung-ohne-anzeige-fuer-jagenberg-diana-pro\/","title":{"rendered":"Umbausatz f\u00fcr Halbautomatische Verstellung ohne Anzeige f\u00fcr Jagenberg Diana Pro"},"content":{"rendered":"<p>Umbausatz f\u00fcr die halbautomatische Verstellung, f\u00fcr Jagenberg Diana Pro._x000D__x000D_<br \/>\nDer Umbaukit bietet die M\u00f6glichkeit die Stationsverstellung, Pressband und Einf\u00e4delstation mit Hilfe eines W\u00e4hlschalters zu verfahren._x000D__x000D_<br \/>\nFolgende Komponente sind enthalten:_x000D__x000D_<br \/>\n-Motorsteuerung links \/ rechts_x000D__x000D_<br \/>\n-Geh\u00e4use_x000D__x000D_<br \/>\n-Schalter_x000D__x000D_<br \/>\n_x000D__x000D_<br \/>\nJe Motor wird ein Umbausatz ben\u00f6tigt._x000D__x000D_<br \/>\n_x000D__x000D_<br \/>\nzzgl. Reise \/ Montagekosten nach Aufwand._x000D__x000D_<\/p>\n","protected":false},"excerpt":{"rendered":"<p>Umbausatz f\u00fcr die halbautomatische Verstellung, f\u00fcr Jagenberg Diana Pro._x000D__x000D_ Der Umbaukit bietet die M\u00f6glichkeit die Stationsverstellung, Pressband und Einf\u00e4delstation mit Hilfe eines W\u00e4hlschalters zu verfahren._x000D__x000D_ Folgende Komponente sind enthalten:_x000D__x000D_ -Motorsteuerung links \/ rechts_x000D__x000D_ -Geh\u00e4use_x000D__x000D_ -Schalter_x000D__x000D_ _x000D__x000D_ Je Motor wird ein Umbausatz ben\u00f6tigt._x000D__x000D_ _x000D__x000D_ zzgl. Reise \/ Montagekosten nach Aufwand._x000D__x000D_<\/p>\n","protected":false},"featured_media":0,"template":"","meta":{"_themeisle_gutenberg_block_has_review":false},"product_brand":[],"product_cat":[15],"product_tag":[],"class_list":{"0":"post-4878","1":"product","2":"type-product","3":"status-publish","5":"product_cat-unkategorisiert","7":"first","8":"instock","9":"purchasable","10":"product-type-simple"},"_links":{"self":[{"href":"https:\/\/kvt-info.shop\/en\/wp-json\/wp\/v2\/product\/4878","targetHints":{"allow":["GET"]}}],"collection":[{"href":"https:\/\/kvt-info.shop\/en\/wp-json\/wp\/v2\/product"}],"about":[{"href":"https:\/\/kvt-info.shop\/en\/wp-json\/wp\/v2\/types\/product"}],"wp:attachment":[{"href":"https:\/\/kvt-info.shop\/en\/wp-json\/wp\/v2\/media?parent=4878"}],"wp:term":[{"taxonomy":"product_brand","embeddable":true,"href":"https:\/\/kvt-info.shop\/en\/wp-json\/wp\/v2\/product_brand?post=4878"},{"taxonomy":"product_cat","embeddable":true,"href":"https:\/\/kvt-info.shop\/en\/wp-json\/wp\/v2\/product_cat?post=4878"},{"taxonomy":"product_tag","embeddable":true,"href":"https:\/\/kvt-info.shop\/en\/wp-json\/wp\/v2\/product_tag?post=4878"}],"curies":[{"name":"wp","href":"https:\/\/api.w.org\/{rel}","templated":true}]}}