{"id":4866,"date":"2026-01-31T16:36:18","date_gmt":"2026-01-31T15:36:18","guid":{"rendered":"https:\/\/kvt-info.shop\/produkt\/umbausatz-heinen-auf-siemens-steuerung-jagenberg-diana-pro-74-94-114\/"},"modified":"2026-01-31T16:36:34","modified_gmt":"2026-01-31T15:36:34","slug":"umbausatz-heinen-auf-siemens-steuerung-jagenberg-diana-pro-74-94-114","status":"publish","type":"product","link":"https:\/\/kvt-info.shop\/en\/produkt\/umbausatz-heinen-auf-siemens-steuerung-jagenberg-diana-pro-74-94-114\/","title":{"rendered":"Umbausatz Heinen auf Siemens Steuerung Jagenberg Diana Pro 74\/94\/114"},"content":{"rendered":"<p>Umbausatz f\u00fcr alle Jagenberg Diana Pro Maschinen mit Heinen Steuerung. _x000D__x000D_<br \/>\nDer Umbausatz ersetzt die Heinen Steuerung der Maschine. _x000D__x000D_<br \/>\nEs sind alle elektrischen Komponente f\u00fcr den Umbau erhalten. _x000D__x000D_<br \/>\nAlle Steuerfunktionen der Maschine bleiben bestehen._x000D__x000D_<br \/>\nOriginale Jagenberg Servo-\u00dcberholfaltung sowie Auto \/ Digiset k\u00f6nnen nicht integriert werden._x000D__x000D_<br \/>\n_x000D__x000D_<br \/>\nEs sind folgende Komponente im Umbausatz enthalten:_x000D__x000D_<br \/>\n-Touch Panel 12&#8243;_x000D__x000D_<br \/>\n-Siemens SPS_x000D__x000D_<br \/>\n-Steckleisten_x000D__x000D_<br \/>\n-Switch_x000D__x000D_<br \/>\n-verschiedene Kleinteile_x000D__x000D_<br \/>\n_x000D__x000D_<br \/>\nzzgl. Reise \/ Montagekosten nach Aufwand._x000D__x000D_<br \/>\nMontage Aufwand ca. 2 Tage._x000D__x000D_<br \/>\n_x000D__x000D_<br \/>\nAchtung: Wichtig bei elektrisch \/ motorisch angetriebenen Stationen wird der Umbau-Kit 99991613 ben\u00f6tigt, z.b. \u00dcbergabestation, Einf\u00e4delstation!_x000D__x000D_<br \/>\n_x000D__x000D_<br \/>\nBitte senden sie uns vorab ihre Schaltpl\u00e4ne, da wir pr\u00fcfen m\u00fcssen ob die Eing\u00e4nge auf den Servo-Umrichtern identisch sind._x000D__x000D_<br \/>\n_x000D__x000D_<br \/>\nZahlungsbedingungen:_x000D__x000D_<br \/>\nnach Absprache_x000D__x000D_<\/p>\n","protected":false},"excerpt":{"rendered":"<p>Umbausatz f\u00fcr alle Jagenberg Diana Pro Maschinen mit Heinen Steuerung. _x000D__x000D_ Der Umbausatz ersetzt die Heinen Steuerung der Maschine. _x000D__x000D_ Es sind alle elektrischen Komponente f\u00fcr den Umbau erhalten. _x000D__x000D_ Alle Steuerfunktionen der Maschine bleiben bestehen._x000D__x000D_ Originale Jagenberg Servo-\u00dcberholfaltung sowie Auto \/ Digiset k\u00f6nnen nicht integriert werden._x000D__x000D_ _x000D__x000D_ Es sind folgende Komponente im Umbausatz enthalten:_x000D__x000D_ [&hellip;]<\/p>\n","protected":false},"featured_media":0,"template":"","meta":{"_themeisle_gutenberg_block_has_review":false},"product_brand":[],"product_cat":[15],"product_tag":[],"class_list":{"0":"post-4866","1":"product","2":"type-product","3":"status-publish","5":"product_cat-unkategorisiert","7":"first","8":"instock","9":"purchasable","10":"product-type-simple"},"_links":{"self":[{"href":"https:\/\/kvt-info.shop\/en\/wp-json\/wp\/v2\/product\/4866","targetHints":{"allow":["GET"]}}],"collection":[{"href":"https:\/\/kvt-info.shop\/en\/wp-json\/wp\/v2\/product"}],"about":[{"href":"https:\/\/kvt-info.shop\/en\/wp-json\/wp\/v2\/types\/product"}],"wp:attachment":[{"href":"https:\/\/kvt-info.shop\/en\/wp-json\/wp\/v2\/media?parent=4866"}],"wp:term":[{"taxonomy":"product_brand","embeddable":true,"href":"https:\/\/kvt-info.shop\/en\/wp-json\/wp\/v2\/product_brand?post=4866"},{"taxonomy":"product_cat","embeddable":true,"href":"https:\/\/kvt-info.shop\/en\/wp-json\/wp\/v2\/product_cat?post=4866"},{"taxonomy":"product_tag","embeddable":true,"href":"https:\/\/kvt-info.shop\/en\/wp-json\/wp\/v2\/product_tag?post=4866"}],"curies":[{"name":"wp","href":"https:\/\/api.w.org\/{rel}","templated":true}]}}