{"id":4865,"date":"2025-09-03T08:05:48","date_gmt":"2025-09-03T07:05:48","guid":{"rendered":"https:\/\/kvt-info.shop\/produkt\/haltearm-verbreitert-fuer-obere-station-mit-riementrieb-ausrichtstation\/"},"modified":"2025-09-03T08:05:52","modified_gmt":"2025-09-03T07:05:52","slug":"4865","status":"publish","type":"product","link":"https:\/\/kvt-info.shop\/en\/produkt\/4865\/","title":{"rendered":"Haltearm verbreitert f\u00fcr obere Station mit Riementrieb Ausrichtstation"},"content":{"rendered":"<p>Haltearm verbreitert f\u00fcr Ausrichtstation. Wird ben\u00f6tigt f\u00fcr den Umbau der oberen Transportstation auf Riemen Antrieb.<\/p>\n","protected":false},"excerpt":{"rendered":"<p>Haltearm verbreitert f\u00fcr Ausrichtstation. Wird ben\u00f6tigt f\u00fcr den Umbau der oberen Transportstation auf Riemen Antrieb.<\/p>\n","protected":false},"featured_media":0,"template":"","meta":{"_themeisle_gutenberg_block_has_review":false},"product_brand":[],"product_cat":[15],"product_tag":[],"class_list":{"0":"post-4865","1":"product","2":"type-product","3":"status-publish","5":"product_cat-unkategorisiert","7":"first","8":"instock","9":"purchasable","10":"product-type-simple"},"_links":{"self":[{"href":"https:\/\/kvt-info.shop\/en\/wp-json\/wp\/v2\/product\/4865","targetHints":{"allow":["GET"]}}],"collection":[{"href":"https:\/\/kvt-info.shop\/en\/wp-json\/wp\/v2\/product"}],"about":[{"href":"https:\/\/kvt-info.shop\/en\/wp-json\/wp\/v2\/types\/product"}],"wp:attachment":[{"href":"https:\/\/kvt-info.shop\/en\/wp-json\/wp\/v2\/media?parent=4865"}],"wp:term":[{"taxonomy":"product_brand","embeddable":true,"href":"https:\/\/kvt-info.shop\/en\/wp-json\/wp\/v2\/product_brand?post=4865"},{"taxonomy":"product_cat","embeddable":true,"href":"https:\/\/kvt-info.shop\/en\/wp-json\/wp\/v2\/product_cat?post=4865"},{"taxonomy":"product_tag","embeddable":true,"href":"https:\/\/kvt-info.shop\/en\/wp-json\/wp\/v2\/product_tag?post=4865"}],"curies":[{"name":"wp","href":"https:\/\/api.w.org\/{rel}","templated":true}]}}