{"id":4861,"date":"2026-01-31T16:58:11","date_gmt":"2026-01-31T15:58:11","guid":{"rendered":"https:\/\/kvt-info.shop\/produkt\/cpu1-01-steuerkarte-fuer-jagenberg-diana-dbs\/"},"modified":"2026-01-31T16:58:21","modified_gmt":"2026-01-31T15:58:21","slug":"cpu1-01-steuerkarte-fuer-jagenberg-diana-dbs","status":"publish","type":"product","link":"https:\/\/kvt-info.shop\/en\/produkt\/cpu1-01-steuerkarte-fuer-jagenberg-diana-dbs\/","title":{"rendered":"CPU1\/01 Steuerkarte f\u00fcr Jagenberg Diana DBS"},"content":{"rendered":"<p>CPU1\/01 Steuerkarte f\u00fcr Jagenberg Diana DBS. Ihre Karte muss zu uns ins Werk geschickt werden, das wir die Daten auf die neue CPU \u00dcbertragen k\u00f6nnen.<\/p>\n","protected":false},"excerpt":{"rendered":"<p>CPU1\/01 Steuerkarte f\u00fcr Jagenberg Diana DBS. Ihre Karte muss zu uns ins Werk geschickt werden, das wir die Daten auf die neue CPU \u00dcbertragen k\u00f6nnen.<\/p>\n","protected":false},"featured_media":0,"template":"","meta":{"_themeisle_gutenberg_block_has_review":false},"product_brand":[],"product_cat":[15],"product_tag":[],"class_list":{"0":"post-4861","1":"product","2":"type-product","3":"status-publish","5":"product_cat-unkategorisiert","7":"first","8":"instock","9":"purchasable","10":"product-type-simple"},"_links":{"self":[{"href":"https:\/\/kvt-info.shop\/en\/wp-json\/wp\/v2\/product\/4861","targetHints":{"allow":["GET"]}}],"collection":[{"href":"https:\/\/kvt-info.shop\/en\/wp-json\/wp\/v2\/product"}],"about":[{"href":"https:\/\/kvt-info.shop\/en\/wp-json\/wp\/v2\/types\/product"}],"wp:attachment":[{"href":"https:\/\/kvt-info.shop\/en\/wp-json\/wp\/v2\/media?parent=4861"}],"wp:term":[{"taxonomy":"product_brand","embeddable":true,"href":"https:\/\/kvt-info.shop\/en\/wp-json\/wp\/v2\/product_brand?post=4861"},{"taxonomy":"product_cat","embeddable":true,"href":"https:\/\/kvt-info.shop\/en\/wp-json\/wp\/v2\/product_cat?post=4861"},{"taxonomy":"product_tag","embeddable":true,"href":"https:\/\/kvt-info.shop\/en\/wp-json\/wp\/v2\/product_tag?post=4861"}],"curies":[{"name":"wp","href":"https:\/\/api.w.org\/{rel}","templated":true}]}}