{"id":4854,"date":"2026-01-31T16:37:34","date_gmt":"2026-01-31T15:37:34","guid":{"rendered":"https:\/\/kvt-info.shop\/produkt\/ladegeraet-adapterklotz-satz-fuer-funkfernbedienung\/"},"modified":"2026-01-31T16:37:36","modified_gmt":"2026-01-31T15:37:36","slug":"ladegeraet-adapterklotz-satz-fuer-funkfernbedienung","status":"publish","type":"product","link":"https:\/\/kvt-info.shop\/en\/produkt\/ladegeraet-adapterklotz-satz-fuer-funkfernbedienung\/","title":{"rendered":"Ladeger\u00e4t Adapterklotz Satz f\u00fcr Funkfernbedienung"},"content":{"rendered":"<p>Ladeger\u00e4t Adapterklotz Satz (2 St\u00fcck)f\u00fcr Funkfernbedienung.<\/p>\n","protected":false},"excerpt":{"rendered":"<p>Ladeger\u00e4t Adapterklotz Satz (2 St\u00fcck)f\u00fcr Funkfernbedienung.<\/p>\n","protected":false},"featured_media":0,"template":"","meta":{"_themeisle_gutenberg_block_has_review":false},"product_brand":[],"product_cat":[15],"product_tag":[],"class_list":{"0":"post-4854","1":"product","2":"type-product","3":"status-publish","5":"product_cat-unkategorisiert","7":"first","8":"instock","9":"purchasable","10":"product-type-simple"},"_links":{"self":[{"href":"https:\/\/kvt-info.shop\/en\/wp-json\/wp\/v2\/product\/4854","targetHints":{"allow":["GET"]}}],"collection":[{"href":"https:\/\/kvt-info.shop\/en\/wp-json\/wp\/v2\/product"}],"about":[{"href":"https:\/\/kvt-info.shop\/en\/wp-json\/wp\/v2\/types\/product"}],"wp:attachment":[{"href":"https:\/\/kvt-info.shop\/en\/wp-json\/wp\/v2\/media?parent=4854"}],"wp:term":[{"taxonomy":"product_brand","embeddable":true,"href":"https:\/\/kvt-info.shop\/en\/wp-json\/wp\/v2\/product_brand?post=4854"},{"taxonomy":"product_cat","embeddable":true,"href":"https:\/\/kvt-info.shop\/en\/wp-json\/wp\/v2\/product_cat?post=4854"},{"taxonomy":"product_tag","embeddable":true,"href":"https:\/\/kvt-info.shop\/en\/wp-json\/wp\/v2\/product_tag?post=4854"}],"curies":[{"name":"wp","href":"https:\/\/api.w.org\/{rel}","templated":true}]}}