{"id":4847,"date":"2026-01-31T16:57:32","date_gmt":"2026-01-31T15:57:32","guid":{"rendered":"https:\/\/kvt-info.shop\/produkt\/karton-fraese-karton-ausbrecher\/"},"modified":"2026-01-31T16:57:56","modified_gmt":"2026-01-31T15:57:56","slug":"karton-fraese-karton-ausbrecher","status":"publish","type":"product","link":"https:\/\/kvt-info.shop\/en\/produkt\/karton-fraese-karton-ausbrecher\/","title":{"rendered":"Karton Fr\u00e4se \/ Karton Ausbrecher"},"content":{"rendered":"<p>Karton Fr\u00e4se zum Ausbrechen \/ Nutzentrennen von Kartons in 3 verschiedenen Ausf\u00fchrungen:_x000D__x000D_<br \/>\n_x000D__x000D_<br \/>\n-Ausf\u00fchrung 1 kann zum Ausbrechen von besonders schmalen und tief im Stapel sitzenden Stanzabf\u00e4llen verwendet_x000D__x000D_<br \/>\n werden. Verbaut ist eine 8mm breite Kette und die Schutzhaube hat eine breite von 15,5mm._x000D__x000D_<br \/>\n-Ausf\u00fchrung 2 kann zum Ausbrechen von normalen und etwas gr\u00f6\u00dfere Stanzabf\u00e4lle verwendet werden._x000D__x000D_<br \/>\n Verbaut ist eine 20mm breite Kette und die Schutzhaube hat eine breite von 30mm._x000D__x000D_<br \/>\n-Ausf\u00fchrung 3 kann zum Ausbrechen von gro\u00dffl\u00e4chigen besonders dicken Stanzabf\u00e4llen verwendet werden._x000D__x000D_<br \/>\n Verbaut ist eine 20mm breite Kette und die Schutzhaube hat eine breite von 30mm.<\/p>\n","protected":false},"excerpt":{"rendered":"<p>Karton Fr\u00e4se zum Ausbrechen \/ Nutzentrennen von Kartons in 3 verschiedenen Ausf\u00fchrungen:_x000D__x000D_ _x000D__x000D_ -Ausf\u00fchrung 1 kann zum Ausbrechen von besonders schmalen und tief im Stapel sitzenden Stanzabf\u00e4llen verwendet_x000D__x000D_ werden. Verbaut ist eine 8mm breite Kette und die Schutzhaube hat eine breite von 15,5mm._x000D__x000D_ -Ausf\u00fchrung 2 kann zum Ausbrechen von normalen und etwas gr\u00f6\u00dfere Stanzabf\u00e4lle verwendet [&hellip;]<\/p>\n","protected":false},"featured_media":0,"template":"","meta":{"_themeisle_gutenberg_block_has_review":false},"product_brand":[],"product_cat":[15],"product_tag":[],"class_list":{"0":"post-4847","1":"product","2":"type-product","3":"status-publish","5":"product_cat-unkategorisiert","7":"first","8":"instock","9":"purchasable","10":"product-type-simple"},"_links":{"self":[{"href":"https:\/\/kvt-info.shop\/en\/wp-json\/wp\/v2\/product\/4847","targetHints":{"allow":["GET"]}}],"collection":[{"href":"https:\/\/kvt-info.shop\/en\/wp-json\/wp\/v2\/product"}],"about":[{"href":"https:\/\/kvt-info.shop\/en\/wp-json\/wp\/v2\/types\/product"}],"wp:attachment":[{"href":"https:\/\/kvt-info.shop\/en\/wp-json\/wp\/v2\/media?parent=4847"}],"wp:term":[{"taxonomy":"product_brand","embeddable":true,"href":"https:\/\/kvt-info.shop\/en\/wp-json\/wp\/v2\/product_brand?post=4847"},{"taxonomy":"product_cat","embeddable":true,"href":"https:\/\/kvt-info.shop\/en\/wp-json\/wp\/v2\/product_cat?post=4847"},{"taxonomy":"product_tag","embeddable":true,"href":"https:\/\/kvt-info.shop\/en\/wp-json\/wp\/v2\/product_tag?post=4847"}],"curies":[{"name":"wp","href":"https:\/\/api.w.org\/{rel}","templated":true}]}}