{"id":4843,"date":"2026-01-31T16:46:53","date_gmt":"2026-01-31T15:46:53","guid":{"rendered":"https:\/\/kvt-info.shop\/produkt\/einsteckkarte-stoeber-io6a-fuer-antriebsregler-fu-hakensteuerung-mit-2-antriebsreglern\/"},"modified":"2026-01-31T16:47:15","modified_gmt":"2026-01-31T15:47:15","slug":"einsteckkarte-stoeber-io6a-fuer-antriebsregler-frequenzumrichter-hakensteuerung","status":"publish","type":"product","link":"https:\/\/kvt-info.shop\/en\/produkt\/einsteckkarte-stoeber-io6a-fuer-antriebsregler-frequenzumrichter-hakensteuerung\/","title":{"rendered":"Einsteckkarte St\u00f6ber IO6A f\u00fcr Antriebsregler \/Frequenzumrichter Hakensteuerung"},"content":{"rendered":"<p>Einsteckkarte IO6A f\u00fcr Antriebsregler\/Frequenzumrichter der Hakensteuerung \/ \u00dcberholfaltung. Geeignet f\u00fcr Steuerung mit 2 Antriebsreglern. (\u00e4ltere Modelle)<\/p>\n","protected":false},"excerpt":{"rendered":"<p>Einsteckkarte IO6A f\u00fcr Antriebsregler\/Frequenzumrichter der Hakensteuerung \/ \u00dcberholfaltung. Geeignet f\u00fcr Steuerung mit 2 Antriebsreglern. (\u00e4ltere Modelle)<\/p>\n","protected":false},"featured_media":0,"template":"","meta":{"_themeisle_gutenberg_block_has_review":false},"product_brand":[],"product_cat":[15],"product_tag":[],"class_list":{"0":"post-4843","1":"product","2":"type-product","3":"status-publish","5":"product_cat-unkategorisiert","7":"first","8":"instock","9":"purchasable","10":"product-type-simple"},"_links":{"self":[{"href":"https:\/\/kvt-info.shop\/en\/wp-json\/wp\/v2\/product\/4843","targetHints":{"allow":["GET"]}}],"collection":[{"href":"https:\/\/kvt-info.shop\/en\/wp-json\/wp\/v2\/product"}],"about":[{"href":"https:\/\/kvt-info.shop\/en\/wp-json\/wp\/v2\/types\/product"}],"wp:attachment":[{"href":"https:\/\/kvt-info.shop\/en\/wp-json\/wp\/v2\/media?parent=4843"}],"wp:term":[{"taxonomy":"product_brand","embeddable":true,"href":"https:\/\/kvt-info.shop\/en\/wp-json\/wp\/v2\/product_brand?post=4843"},{"taxonomy":"product_cat","embeddable":true,"href":"https:\/\/kvt-info.shop\/en\/wp-json\/wp\/v2\/product_cat?post=4843"},{"taxonomy":"product_tag","embeddable":true,"href":"https:\/\/kvt-info.shop\/en\/wp-json\/wp\/v2\/product_tag?post=4843"}],"curies":[{"name":"wp","href":"https:\/\/api.w.org\/{rel}","templated":true}]}}