{"id":4842,"date":"2026-01-31T16:58:11","date_gmt":"2026-01-31T15:58:11","guid":{"rendered":"https:\/\/kvt-info.shop\/produkt\/ersatz-servomotor-fuer-hakensteuerung\/"},"modified":"2026-01-31T16:58:20","modified_gmt":"2026-01-31T15:58:20","slug":"ersatz-servomotor-fuer-hakensteuerung","status":"publish","type":"product","link":"https:\/\/kvt-info.shop\/en\/produkt\/ersatz-servomotor-fuer-hakensteuerung\/","title":{"rendered":"Ersatz Servomotor f\u00fcr Hakensteuerung"},"content":{"rendered":"<p>Servomotor (Ersatzt) f\u00fcr KVT \u00dcberholfaltung \/ Hakensteuerung. _x000D__x000D_<\/p>\n","protected":false},"excerpt":{"rendered":"<p>Servomotor (Ersatzt) f\u00fcr KVT \u00dcberholfaltung \/ Hakensteuerung. _x000D__x000D_<\/p>\n","protected":false},"featured_media":0,"template":"","meta":{"_themeisle_gutenberg_block_has_review":false},"product_brand":[],"product_cat":[15],"product_tag":[],"class_list":{"0":"post-4842","1":"product","2":"type-product","3":"status-publish","5":"product_cat-unkategorisiert","7":"first","8":"instock","9":"purchasable","10":"product-type-simple"},"_links":{"self":[{"href":"https:\/\/kvt-info.shop\/en\/wp-json\/wp\/v2\/product\/4842","targetHints":{"allow":["GET"]}}],"collection":[{"href":"https:\/\/kvt-info.shop\/en\/wp-json\/wp\/v2\/product"}],"about":[{"href":"https:\/\/kvt-info.shop\/en\/wp-json\/wp\/v2\/types\/product"}],"wp:attachment":[{"href":"https:\/\/kvt-info.shop\/en\/wp-json\/wp\/v2\/media?parent=4842"}],"wp:term":[{"taxonomy":"product_brand","embeddable":true,"href":"https:\/\/kvt-info.shop\/en\/wp-json\/wp\/v2\/product_brand?post=4842"},{"taxonomy":"product_cat","embeddable":true,"href":"https:\/\/kvt-info.shop\/en\/wp-json\/wp\/v2\/product_cat?post=4842"},{"taxonomy":"product_tag","embeddable":true,"href":"https:\/\/kvt-info.shop\/en\/wp-json\/wp\/v2\/product_tag?post=4842"}],"curies":[{"name":"wp","href":"https:\/\/api.w.org\/{rel}","templated":true}]}}