{"id":4817,"date":"2026-01-31T16:49:26","date_gmt":"2026-01-31T15:49:26","guid":{"rendered":"https:\/\/kvt-info.shop\/produkt\/antriebsrolle-oe52x25mm-rolle-oe52x65mm-fuer-antrieb-faltstation-fuer-jagenberg-diana-165-185\/"},"modified":"2026-01-31T16:49:44","modified_gmt":"2026-01-31T15:49:44","slug":"antriebsrolle-oe52x25mm-rolle-oe52x65mm-fuer-antrieb-faltstation-fuer-jagenberg-diana-165-185","status":"publish","type":"product","link":"https:\/\/kvt-info.shop\/en\/produkt\/antriebsrolle-oe52x25mm-rolle-oe52x65mm-fuer-antrieb-faltstation-fuer-jagenberg-diana-165-185\/","title":{"rendered":"Antriebsrolle \u00d852x25mm + Rolle \u00d852x65mm f\u00fcr Antrieb Faltstation f\u00fcr Jagenberg Diana 165 \/ 185"},"content":{"rendered":"<p>Rolle + Antriebsrolle f\u00fcr Antrieb Faltstation an einer Jagenberg Diana 165 \/ 185 mit folgenden Ma\u00dfen: Rolle1 \u00d852mm x 65mm, Rolle2 ballig \u00d852mm x 25mm.<\/p>\n","protected":false},"excerpt":{"rendered":"<p>Rolle + Antriebsrolle f\u00fcr Antrieb Faltstation an einer Jagenberg Diana 165 \/ 185 mit folgenden Ma\u00dfen: Rolle1 \u00d852mm x 65mm, Rolle2 ballig \u00d852mm x 25mm.<\/p>\n","protected":false},"featured_media":0,"template":"","meta":{"_themeisle_gutenberg_block_has_review":false},"product_brand":[],"product_cat":[15],"product_tag":[],"class_list":{"0":"post-4817","1":"product","2":"type-product","3":"status-publish","5":"product_cat-unkategorisiert","7":"first","8":"instock","9":"purchasable","10":"product-type-simple"},"_links":{"self":[{"href":"https:\/\/kvt-info.shop\/en\/wp-json\/wp\/v2\/product\/4817","targetHints":{"allow":["GET"]}}],"collection":[{"href":"https:\/\/kvt-info.shop\/en\/wp-json\/wp\/v2\/product"}],"about":[{"href":"https:\/\/kvt-info.shop\/en\/wp-json\/wp\/v2\/types\/product"}],"wp:attachment":[{"href":"https:\/\/kvt-info.shop\/en\/wp-json\/wp\/v2\/media?parent=4817"}],"wp:term":[{"taxonomy":"product_brand","embeddable":true,"href":"https:\/\/kvt-info.shop\/en\/wp-json\/wp\/v2\/product_brand?post=4817"},{"taxonomy":"product_cat","embeddable":true,"href":"https:\/\/kvt-info.shop\/en\/wp-json\/wp\/v2\/product_cat?post=4817"},{"taxonomy":"product_tag","embeddable":true,"href":"https:\/\/kvt-info.shop\/en\/wp-json\/wp\/v2\/product_tag?post=4817"}],"curies":[{"name":"wp","href":"https:\/\/api.w.org\/{rel}","templated":true}]}}