{"id":4812,"date":"2026-01-31T16:54:25","date_gmt":"2026-01-31T15:54:25","guid":{"rendered":"https:\/\/kvt-info.shop\/produkt\/verstellscheibe-antriebsscheibe-oe160-x-19h7-ueberleitst-jagenberg-diana-90-2\/"},"modified":"2026-01-31T16:54:27","modified_gmt":"2026-01-31T15:54:27","slug":"verstellscheibe-antriebsscheibe-oe160-x-19h7-ueberleitst-jagenberg-diana-90-2","status":"publish","type":"product","link":"https:\/\/kvt-info.shop\/en\/produkt\/verstellscheibe-antriebsscheibe-oe160-x-19h7-ueberleitst-jagenberg-diana-90-2\/","title":{"rendered":"Verstellscheibe \/ Antriebsscheibe \u00d8160 x 19H7 \u00dcberleitst. Jagenberg Diana 90-2"},"content":{"rendered":"<p>Verstellscheibe \/ Antriebscheibe f\u00fcr \u00dcberleitstation Jagenberg Diana 90-2 mit folgenden Ma\u00dfen:_x000D__x000D_<br \/>\nAussen\u00d8 160mm, Innen\u00d8 19H7, Breite 110mm<\/p>\n","protected":false},"excerpt":{"rendered":"<p>Verstellscheibe \/ Antriebscheibe f\u00fcr \u00dcberleitstation Jagenberg Diana 90-2 mit folgenden Ma\u00dfen:_x000D__x000D_ Aussen\u00d8 160mm, Innen\u00d8 19H7, Breite 110mm<\/p>\n","protected":false},"featured_media":0,"template":"","meta":{"_themeisle_gutenberg_block_has_review":false},"product_brand":[],"product_cat":[15],"product_tag":[],"class_list":{"0":"post-4812","1":"product","2":"type-product","3":"status-publish","5":"product_cat-unkategorisiert","7":"first","8":"instock","9":"purchasable","10":"product-type-simple"},"_links":{"self":[{"href":"https:\/\/kvt-info.shop\/en\/wp-json\/wp\/v2\/product\/4812","targetHints":{"allow":["GET"]}}],"collection":[{"href":"https:\/\/kvt-info.shop\/en\/wp-json\/wp\/v2\/product"}],"about":[{"href":"https:\/\/kvt-info.shop\/en\/wp-json\/wp\/v2\/types\/product"}],"wp:attachment":[{"href":"https:\/\/kvt-info.shop\/en\/wp-json\/wp\/v2\/media?parent=4812"}],"wp:term":[{"taxonomy":"product_brand","embeddable":true,"href":"https:\/\/kvt-info.shop\/en\/wp-json\/wp\/v2\/product_brand?post=4812"},{"taxonomy":"product_cat","embeddable":true,"href":"https:\/\/kvt-info.shop\/en\/wp-json\/wp\/v2\/product_cat?post=4812"},{"taxonomy":"product_tag","embeddable":true,"href":"https:\/\/kvt-info.shop\/en\/wp-json\/wp\/v2\/product_tag?post=4812"}],"curies":[{"name":"wp","href":"https:\/\/api.w.org\/{rel}","templated":true}]}}