{"id":4811,"date":"2026-01-31T16:36:18","date_gmt":"2026-01-31T15:36:18","guid":{"rendered":"https:\/\/kvt-info.shop\/produkt\/umbausatz-dbs-mit-touchpanelsps-fuer-jagenberg-diana-115-165\/"},"modified":"2026-01-31T16:36:31","modified_gmt":"2026-01-31T15:36:31","slug":"umbausatz-dbs-touchpanelsps-fuer-jagenberg-diana-115-165","status":"publish","type":"product","link":"https:\/\/kvt-info.shop\/en\/produkt\/umbausatz-dbs-touchpanelsps-fuer-jagenberg-diana-115-165\/","title":{"rendered":"Umbausatz DBS Touchpanel+SPS f\u00fcr Jagenberg Diana 115-165"},"content":{"rendered":"<p>Umbausatz f\u00fcr alle Jagenberg DBS Steuerung. _x000D__x000D_<br \/>\nDer Umbausatz ersetzt die DBS Steuerung der Maschine. _x000D__x000D_<br \/>\nEs sind alle elektrischen Komponente f\u00fcr den Umbau erhalten. _x000D__x000D_<br \/>\nEs sind alle Steuerfunktionen der Maschine m\u00f6glich, au\u00dfer \u00dcberholfaltung (\u00fcber DBS gesteuert) und Kommunikation zwischen Rechner und DBS sind m\u00f6glich._x000D__x000D_<br \/>\n_x000D__x000D_<br \/>\nEs sind folgende Komponente im Umbausatz enthalten:_x000D__x000D_<br \/>\n-Touch Panel 9&#8243;_x000D__x000D_<br \/>\n-Siemens SPS_x000D__x000D_<br \/>\n-Netzteil_x000D__x000D_<br \/>\n-verschiedene Kleinteile_x000D__x000D_<br \/>\n_x000D__x000D_<br \/>\nzzgl. Reise \/ Montagekosten nach Aufwand._x000D__x000D_<br \/>\n_x000D__x000D_<br \/>\nAchtung: Wichtig bei elektrisch \/ motorisch angetriebenen Stationen wird der Umbau-Kit 99991613 ben\u00f6tigt, z.b. \u00dcbergabestation, Einf\u00e4delstation!_x000D__x000D_<br \/>\n_x000D__x000D_<br \/>\nHeidelberg bietet keine Ersatzteile oder Retrofit L\u00f6sung mehr f\u00fcr DBS an._x000D__x000D_<br \/>\nZahlungsbedingungen:_x000D__x000D_<br \/>\nnach Absprache<\/p>\n","protected":false},"excerpt":{"rendered":"<p>Umbausatz f\u00fcr alle Jagenberg DBS Steuerung. _x000D__x000D_ Der Umbausatz ersetzt die DBS Steuerung der Maschine. _x000D__x000D_ Es sind alle elektrischen Komponente f\u00fcr den Umbau erhalten. _x000D__x000D_ Es sind alle Steuerfunktionen der Maschine m\u00f6glich, au\u00dfer \u00dcberholfaltung (\u00fcber DBS gesteuert) und Kommunikation zwischen Rechner und DBS sind m\u00f6glich._x000D__x000D_ _x000D__x000D_ Es sind folgende Komponente im Umbausatz enthalten:_x000D__x000D_ -Touch [&hellip;]<\/p>\n","protected":false},"featured_media":0,"template":"","meta":{"_themeisle_gutenberg_block_has_review":false},"product_brand":[],"product_cat":[15],"product_tag":[],"class_list":{"0":"post-4811","1":"product","2":"type-product","3":"status-publish","5":"product_cat-unkategorisiert","7":"first","8":"instock","9":"purchasable","10":"product-type-simple"},"_links":{"self":[{"href":"https:\/\/kvt-info.shop\/en\/wp-json\/wp\/v2\/product\/4811","targetHints":{"allow":["GET"]}}],"collection":[{"href":"https:\/\/kvt-info.shop\/en\/wp-json\/wp\/v2\/product"}],"about":[{"href":"https:\/\/kvt-info.shop\/en\/wp-json\/wp\/v2\/types\/product"}],"wp:attachment":[{"href":"https:\/\/kvt-info.shop\/en\/wp-json\/wp\/v2\/media?parent=4811"}],"wp:term":[{"taxonomy":"product_brand","embeddable":true,"href":"https:\/\/kvt-info.shop\/en\/wp-json\/wp\/v2\/product_brand?post=4811"},{"taxonomy":"product_cat","embeddable":true,"href":"https:\/\/kvt-info.shop\/en\/wp-json\/wp\/v2\/product_cat?post=4811"},{"taxonomy":"product_tag","embeddable":true,"href":"https:\/\/kvt-info.shop\/en\/wp-json\/wp\/v2\/product_tag?post=4811"}],"curies":[{"name":"wp","href":"https:\/\/api.w.org\/{rel}","templated":true}]}}