{"id":4808,"date":"2026-01-31T16:58:11","date_gmt":"2026-01-31T15:58:11","guid":{"rendered":"https:\/\/kvt-info.shop\/produkt\/maschinen-schutzvorrichtung-mit-lichtvorhang-und-not-aus-steuermodul-eine-seite\/"},"modified":"2026-01-31T16:58:31","modified_gmt":"2026-01-31T15:58:31","slug":"maschinen-schutzvorrichtung-mit-lichtvorhang-und-not-aus-modul-eine-seite","status":"publish","type":"product","link":"https:\/\/kvt-info.shop\/en\/produkt\/maschinen-schutzvorrichtung-mit-lichtvorhang-und-not-aus-modul-eine-seite\/","title":{"rendered":"Maschinen Schutzvorrichtung mit Lichtvorhang und Not Aus-Modul, eine Seite"},"content":{"rendered":"<p>Maschinen Schutzvorrichtung mit Lichtvorhang und Steuermodul._x000D__x000D_<br \/>\nKomplettset besteht aus folgenden Komponenten um die Maschine an einer Seite abzusichern:_x000D__x000D_<br \/>\n_x000D__x000D_<br \/>\n2x Lichtgitter 1200mm H\u00f6he Reichweite 02-18m wird am Boden verd\u00fcbelt!_x000D__x000D_<br \/>\n2x Zaunelemente 300 x 1300mm_x000D__x000D_<br \/>\n4x Bodenst\u00fctze f\u00fcr Zaunelemen 50 x 50 x1400mm wird am Boden verd\u00fcbelt!_x000D__x000D_<br \/>\n1x Not Aus Steuermodul_x000D__x000D_<br \/>\n1x Kabelsatz, bitte bei Bestellung die abzusichernde L\u00e4nge angeben_x000D__x000D_<br \/>\n_x000D__x000D_<br \/>\n zzgl. Reise und Montagekosten nach Aufwand._x000D__x000D_<br \/>\n_x000D__x000D_<\/p>\n","protected":false},"excerpt":{"rendered":"<p>Maschinen Schutzvorrichtung mit Lichtvorhang und Steuermodul._x000D__x000D_ Komplettset besteht aus folgenden Komponenten um die Maschine an einer Seite abzusichern:_x000D__x000D_ _x000D__x000D_ 2x Lichtgitter 1200mm H\u00f6he Reichweite 02-18m wird am Boden verd\u00fcbelt!_x000D__x000D_ 2x Zaunelemente 300 x 1300mm_x000D__x000D_ 4x Bodenst\u00fctze f\u00fcr Zaunelemen 50 x 50 x1400mm wird am Boden verd\u00fcbelt!_x000D__x000D_ 1x Not Aus Steuermodul_x000D__x000D_ 1x Kabelsatz, bitte bei Bestellung [&hellip;]<\/p>\n","protected":false},"featured_media":0,"template":"","meta":{"_themeisle_gutenberg_block_has_review":false},"product_brand":[],"product_cat":[15],"product_tag":[],"class_list":{"0":"post-4808","1":"product","2":"type-product","3":"status-publish","5":"product_cat-unkategorisiert","7":"first","8":"instock","9":"purchasable","10":"product-type-simple"},"_links":{"self":[{"href":"https:\/\/kvt-info.shop\/en\/wp-json\/wp\/v2\/product\/4808","targetHints":{"allow":["GET"]}}],"collection":[{"href":"https:\/\/kvt-info.shop\/en\/wp-json\/wp\/v2\/product"}],"about":[{"href":"https:\/\/kvt-info.shop\/en\/wp-json\/wp\/v2\/types\/product"}],"wp:attachment":[{"href":"https:\/\/kvt-info.shop\/en\/wp-json\/wp\/v2\/media?parent=4808"}],"wp:term":[{"taxonomy":"product_brand","embeddable":true,"href":"https:\/\/kvt-info.shop\/en\/wp-json\/wp\/v2\/product_brand?post=4808"},{"taxonomy":"product_cat","embeddable":true,"href":"https:\/\/kvt-info.shop\/en\/wp-json\/wp\/v2\/product_cat?post=4808"},{"taxonomy":"product_tag","embeddable":true,"href":"https:\/\/kvt-info.shop\/en\/wp-json\/wp\/v2\/product_tag?post=4808"}],"curies":[{"name":"wp","href":"https:\/\/api.w.org\/{rel}","templated":true}]}}