{"id":4807,"date":"2026-01-31T16:56:55","date_gmt":"2026-01-31T15:56:55","guid":{"rendered":"https:\/\/kvt-info.shop\/produkt\/adaptereinheit-fuer-stand-alone-loesung-handy-pack-gt\/"},"modified":"2026-01-31T16:57:08","modified_gmt":"2026-01-31T15:57:08","slug":"adaptereinheit-fuer-stand-alone-loesung-handy-pack-gt","status":"publish","type":"product","link":"https:\/\/kvt-info.shop\/en\/produkt\/adaptereinheit-fuer-stand-alone-loesung-handy-pack-gt\/","title":{"rendered":"Adaptereinheit f\u00fcr Stand-Alone L\u00f6sung  Handy Pack GT"},"content":{"rendered":"<p>Adaptereinheit um Handy Pack GT als Stand-Alone L\u00f6sung zu nutzen. _x000D__x000D_<br \/>\nKeine Verbindung von Not-Aus und Stop zur vorgesetzten Maschine._x000D__x000D_<br \/>\nVibrator Funktion m\u00fcsste gepr\u00fcft werden (Abh\u00e4ngig von Steuerspannung)._x000D__x000D_<br \/>\n_x000D__x000D_<br \/>\nLieferumfang:_x000D__x000D_<br \/>\n-Steckverbindung f\u00fcr Handypack GT_x000D__x000D_<br \/>\n-Cekon Zuleitung 400V\/16A _x000D__x000D_<br \/>\n-Tachogenerator mit Halter_x000D__x000D_<br \/>\n-Elektronische Kleinteile_x000D__x000D_<br \/>\n-Steuerungskasten_x000D__x000D_<\/p>\n","protected":false},"excerpt":{"rendered":"<p>Adaptereinheit um Handy Pack GT als Stand-Alone L\u00f6sung zu nutzen. _x000D__x000D_ Keine Verbindung von Not-Aus und Stop zur vorgesetzten Maschine._x000D__x000D_ Vibrator Funktion m\u00fcsste gepr\u00fcft werden (Abh\u00e4ngig von Steuerspannung)._x000D__x000D_ _x000D__x000D_ Lieferumfang:_x000D__x000D_ -Steckverbindung f\u00fcr Handypack GT_x000D__x000D_ -Cekon Zuleitung 400V\/16A _x000D__x000D_ -Tachogenerator mit Halter_x000D__x000D_ -Elektronische Kleinteile_x000D__x000D_ -Steuerungskasten_x000D__x000D_<\/p>\n","protected":false},"featured_media":0,"template":"","meta":{"_themeisle_gutenberg_block_has_review":false},"product_brand":[],"product_cat":[15],"product_tag":[],"class_list":{"0":"post-4807","1":"product","2":"type-product","3":"status-publish","5":"product_cat-unkategorisiert","7":"first","8":"instock","9":"purchasable","10":"product-type-simple"},"_links":{"self":[{"href":"https:\/\/kvt-info.shop\/en\/wp-json\/wp\/v2\/product\/4807","targetHints":{"allow":["GET"]}}],"collection":[{"href":"https:\/\/kvt-info.shop\/en\/wp-json\/wp\/v2\/product"}],"about":[{"href":"https:\/\/kvt-info.shop\/en\/wp-json\/wp\/v2\/types\/product"}],"wp:attachment":[{"href":"https:\/\/kvt-info.shop\/en\/wp-json\/wp\/v2\/media?parent=4807"}],"wp:term":[{"taxonomy":"product_brand","embeddable":true,"href":"https:\/\/kvt-info.shop\/en\/wp-json\/wp\/v2\/product_brand?post=4807"},{"taxonomy":"product_cat","embeddable":true,"href":"https:\/\/kvt-info.shop\/en\/wp-json\/wp\/v2\/product_cat?post=4807"},{"taxonomy":"product_tag","embeddable":true,"href":"https:\/\/kvt-info.shop\/en\/wp-json\/wp\/v2\/product_tag?post=4807"}],"curies":[{"name":"wp","href":"https:\/\/api.w.org\/{rel}","templated":true}]}}