{"id":4803,"date":"2026-01-31T16:52:33","date_gmt":"2026-01-31T15:52:33","guid":{"rendered":"https:\/\/kvt-info.shop\/produkt\/siko-if09c-1-0002-schnittstellenwandler-can-bus-fuer-jagenberg-diana-pro\/"},"modified":"2026-01-31T16:52:43","modified_gmt":"2026-01-31T15:52:43","slug":"siko-if09c-1-0002-schnittstellenwandler-can-bus-fuer-jagenberg-diana-pro","status":"publish","type":"product","link":"https:\/\/kvt-info.shop\/en\/produkt\/siko-if09c-1-0002-schnittstellenwandler-can-bus-fuer-jagenberg-diana-pro\/","title":{"rendered":"SIKO IF09C\/1 &#8211; 0002 Schnittstellenwandler CAN Bus f\u00fcr Jagenberg Diana Pro"},"content":{"rendered":"<p>SIKO IF09C\/1 &#8211; 0002 Schnittstellenwandler f\u00fcr CAN Bus, Jagenberg Diana Pro. Gebraucht, getestet. Gateway-Module zum Anschluss von SIKO Sensoren und Anzeigen an standardisierte Feldbussysteme. Es stehen drei Busanschl\u00fcsse zur Verf\u00fcgung. F\u00fcr jeden Anschluss bietet SIKO einen spezifischen Messumformer an. So k\u00f6nnen bis zu 31 Teilnehmer \u00fcber die RS485-Schnittstelle an den Profibus oder CAN-Bus angeschlossen werden.<\/p>\n","protected":false},"excerpt":{"rendered":"<p>SIKO IF09C\/1 &#8211; 0002 Schnittstellenwandler f\u00fcr CAN Bus, Jagenberg Diana Pro. Gebraucht, getestet. Gateway-Module zum Anschluss von SIKO Sensoren und Anzeigen an standardisierte Feldbussysteme. Es stehen drei Busanschl\u00fcsse zur Verf\u00fcgung. F\u00fcr jeden Anschluss bietet SIKO einen spezifischen Messumformer an. So k\u00f6nnen bis zu 31 Teilnehmer \u00fcber die RS485-Schnittstelle an den Profibus oder CAN-Bus angeschlossen werden.<\/p>\n","protected":false},"featured_media":0,"template":"","meta":{"_themeisle_gutenberg_block_has_review":false},"product_brand":[],"product_cat":[15],"product_tag":[],"class_list":{"0":"post-4803","1":"product","2":"type-product","3":"status-publish","5":"product_cat-unkategorisiert","7":"first","8":"instock","9":"purchasable","10":"product-type-simple"},"_links":{"self":[{"href":"https:\/\/kvt-info.shop\/en\/wp-json\/wp\/v2\/product\/4803","targetHints":{"allow":["GET"]}}],"collection":[{"href":"https:\/\/kvt-info.shop\/en\/wp-json\/wp\/v2\/product"}],"about":[{"href":"https:\/\/kvt-info.shop\/en\/wp-json\/wp\/v2\/types\/product"}],"wp:attachment":[{"href":"https:\/\/kvt-info.shop\/en\/wp-json\/wp\/v2\/media?parent=4803"}],"wp:term":[{"taxonomy":"product_brand","embeddable":true,"href":"https:\/\/kvt-info.shop\/en\/wp-json\/wp\/v2\/product_brand?post=4803"},{"taxonomy":"product_cat","embeddable":true,"href":"https:\/\/kvt-info.shop\/en\/wp-json\/wp\/v2\/product_cat?post=4803"},{"taxonomy":"product_tag","embeddable":true,"href":"https:\/\/kvt-info.shop\/en\/wp-json\/wp\/v2\/product_tag?post=4803"}],"curies":[{"name":"wp","href":"https:\/\/api.w.org\/{rel}","templated":true}]}}