{"id":4799,"date":"2026-01-31T16:53:48","date_gmt":"2026-01-31T15:53:48","guid":{"rendered":"https:\/\/kvt-info.shop\/produkt\/karton-fraese-umruestkit-von-zahnkette-t1-auf-zahnkette-t2\/"},"modified":"2026-01-31T16:54:15","modified_gmt":"2026-01-31T15:54:15","slug":"karton-fraese-umruestkit-von-zahnkette-t1-auf-zahnkette-t2","status":"publish","type":"product","link":"https:\/\/kvt-info.shop\/en\/produkt\/karton-fraese-umruestkit-von-zahnkette-t1-auf-zahnkette-t2\/","title":{"rendered":"Karton Fr\u00e4se Umr\u00fcstkit von Zahnkette T1 auf Zahnkette T2"},"content":{"rendered":"<p>Umr\u00fcstsatz von Zahnkette T1 (wird nicht mehr hergestellt) auf Zahnkette T2 f\u00fcr Karton- Fr\u00e4ser._x000D__x000D_<br \/>\nBeinhaltet: 1x Schutzhaube T2, 1x Zahnkette T2, 1x Kettenf\u00fchrung T2 mit Lagern, 1x Ritzel T2, diverse Schrauben und Sicherungsring zur Befestigung.<\/p>\n","protected":false},"excerpt":{"rendered":"<p>Umr\u00fcstsatz von Zahnkette T1 (wird nicht mehr hergestellt) auf Zahnkette T2 f\u00fcr Karton- Fr\u00e4ser._x000D__x000D_ Beinhaltet: 1x Schutzhaube T2, 1x Zahnkette T2, 1x Kettenf\u00fchrung T2 mit Lagern, 1x Ritzel T2, diverse Schrauben und Sicherungsring zur Befestigung.<\/p>\n","protected":false},"featured_media":0,"template":"","meta":{"_themeisle_gutenberg_block_has_review":false},"product_brand":[],"product_cat":[15],"product_tag":[],"class_list":{"0":"post-4799","1":"product","2":"type-product","3":"status-publish","5":"product_cat-unkategorisiert","7":"first","8":"instock","9":"purchasable","10":"product-type-simple"},"_links":{"self":[{"href":"https:\/\/kvt-info.shop\/en\/wp-json\/wp\/v2\/product\/4799","targetHints":{"allow":["GET"]}}],"collection":[{"href":"https:\/\/kvt-info.shop\/en\/wp-json\/wp\/v2\/product"}],"about":[{"href":"https:\/\/kvt-info.shop\/en\/wp-json\/wp\/v2\/types\/product"}],"wp:attachment":[{"href":"https:\/\/kvt-info.shop\/en\/wp-json\/wp\/v2\/media?parent=4799"}],"wp:term":[{"taxonomy":"product_brand","embeddable":true,"href":"https:\/\/kvt-info.shop\/en\/wp-json\/wp\/v2\/product_brand?post=4799"},{"taxonomy":"product_cat","embeddable":true,"href":"https:\/\/kvt-info.shop\/en\/wp-json\/wp\/v2\/product_cat?post=4799"},{"taxonomy":"product_tag","embeddable":true,"href":"https:\/\/kvt-info.shop\/en\/wp-json\/wp\/v2\/product_tag?post=4799"}],"curies":[{"name":"wp","href":"https:\/\/api.w.org\/{rel}","templated":true}]}}