{"id":4793,"date":"2026-01-31T16:36:18","date_gmt":"2026-01-31T15:36:18","guid":{"rendered":"https:\/\/kvt-info.shop\/produkt\/transportriemen-2870-x-20mm-fuer-japack-pro\/"},"modified":"2026-01-31T16:36:18","modified_gmt":"2026-01-31T15:36:18","slug":"transportriemen-2870-x-20mm-fuer-japack-pro","status":"publish","type":"product","link":"https:\/\/kvt-info.shop\/en\/produkt\/transportriemen-2870-x-20mm-fuer-japack-pro\/","title":{"rendered":"Transportriemen 2870 x 20mm f\u00fcr JaPack Pro"},"content":{"rendered":"<p>Transportriemen f\u00fcr Heidelberg JaPack Pro, mit folgenden Ma\u00dfen: 2870mm x 20mm.<\/p>\n","protected":false},"excerpt":{"rendered":"<p>Transportriemen f\u00fcr Heidelberg JaPack Pro, mit folgenden Ma\u00dfen: 2870mm x 20mm.<\/p>\n","protected":false},"featured_media":0,"template":"","meta":{"_themeisle_gutenberg_block_has_review":false},"product_brand":[],"product_cat":[15],"product_tag":[],"class_list":{"0":"post-4793","1":"product","2":"type-product","3":"status-publish","5":"product_cat-unkategorisiert","7":"first","8":"instock","9":"purchasable","10":"product-type-simple"},"_links":{"self":[{"href":"https:\/\/kvt-info.shop\/en\/wp-json\/wp\/v2\/product\/4793","targetHints":{"allow":["GET"]}}],"collection":[{"href":"https:\/\/kvt-info.shop\/en\/wp-json\/wp\/v2\/product"}],"about":[{"href":"https:\/\/kvt-info.shop\/en\/wp-json\/wp\/v2\/types\/product"}],"wp:attachment":[{"href":"https:\/\/kvt-info.shop\/en\/wp-json\/wp\/v2\/media?parent=4793"}],"wp:term":[{"taxonomy":"product_brand","embeddable":true,"href":"https:\/\/kvt-info.shop\/en\/wp-json\/wp\/v2\/product_brand?post=4793"},{"taxonomy":"product_cat","embeddable":true,"href":"https:\/\/kvt-info.shop\/en\/wp-json\/wp\/v2\/product_cat?post=4793"},{"taxonomy":"product_tag","embeddable":true,"href":"https:\/\/kvt-info.shop\/en\/wp-json\/wp\/v2\/product_tag?post=4793"}],"curies":[{"name":"wp","href":"https:\/\/api.w.org\/{rel}","templated":true}]}}