{"id":4792,"date":"2026-01-31T16:35:42","date_gmt":"2026-01-31T15:35:42","guid":{"rendered":"https:\/\/kvt-info.shop\/produkt\/transportriemen-einzug-am-arm-2520-x-20-fuer-japack-pro\/"},"modified":"2026-01-31T16:36:10","modified_gmt":"2026-01-31T15:36:10","slug":"transportriemen-einzug-am-arm-2520-x-20-fuer-japack-pro","status":"publish","type":"product","link":"https:\/\/kvt-info.shop\/en\/produkt\/transportriemen-einzug-am-arm-2520-x-20-fuer-japack-pro\/","title":{"rendered":"Transportriemen Einzug am Arm 2520 x 20 f\u00fcr JaPack Pro"},"content":{"rendered":"<p>Transportriemen am Einzugsarm f\u00fcr Heidelberg JaPack Pro, mit folgenden Ma\u00dfen: 2520mm x 20mm.<\/p>\n","protected":false},"excerpt":{"rendered":"<p>Transportriemen am Einzugsarm f\u00fcr Heidelberg JaPack Pro, mit folgenden Ma\u00dfen: 2520mm x 20mm.<\/p>\n","protected":false},"featured_media":0,"template":"","meta":{"_themeisle_gutenberg_block_has_review":false},"product_brand":[],"product_cat":[15],"product_tag":[],"class_list":{"0":"post-4792","1":"product","2":"type-product","3":"status-publish","5":"product_cat-unkategorisiert","7":"first","8":"instock","9":"purchasable","10":"product-type-simple"},"_links":{"self":[{"href":"https:\/\/kvt-info.shop\/en\/wp-json\/wp\/v2\/product\/4792","targetHints":{"allow":["GET"]}}],"collection":[{"href":"https:\/\/kvt-info.shop\/en\/wp-json\/wp\/v2\/product"}],"about":[{"href":"https:\/\/kvt-info.shop\/en\/wp-json\/wp\/v2\/types\/product"}],"wp:attachment":[{"href":"https:\/\/kvt-info.shop\/en\/wp-json\/wp\/v2\/media?parent=4792"}],"wp:term":[{"taxonomy":"product_brand","embeddable":true,"href":"https:\/\/kvt-info.shop\/en\/wp-json\/wp\/v2\/product_brand?post=4792"},{"taxonomy":"product_cat","embeddable":true,"href":"https:\/\/kvt-info.shop\/en\/wp-json\/wp\/v2\/product_cat?post=4792"},{"taxonomy":"product_tag","embeddable":true,"href":"https:\/\/kvt-info.shop\/en\/wp-json\/wp\/v2\/product_tag?post=4792"}],"curies":[{"name":"wp","href":"https:\/\/api.w.org\/{rel}","templated":true}]}}