{"id":4791,"date":"2026-01-31T16:45:03","date_gmt":"2026-01-31T15:45:03","guid":{"rendered":"https:\/\/kvt-info.shop\/produkt\/transportriemen-oben-am-arm-5540x45-fuer-japack-pro\/"},"modified":"2026-01-31T16:45:26","modified_gmt":"2026-01-31T15:45:26","slug":"transportriemen-oben-am-arm-5540x45-fuer-japack-pro","status":"publish","type":"product","link":"https:\/\/kvt-info.shop\/en\/produkt\/transportriemen-oben-am-arm-5540x45-fuer-japack-pro\/","title":{"rendered":"Transportriemen oben am Arm 5540&#215;45 f\u00fcr JaPack Pro"},"content":{"rendered":"<p>Transportriemen oben am Arm f\u00fcr Heidelberg JaPack Pro, mit folgenden Ma\u00dfen: 5540mm x 45mm.<\/p>\n","protected":false},"excerpt":{"rendered":"<p>Transportriemen oben am Arm f\u00fcr Heidelberg JaPack Pro, mit folgenden Ma\u00dfen: 5540mm x 45mm.<\/p>\n","protected":false},"featured_media":0,"template":"","meta":{"_themeisle_gutenberg_block_has_review":false},"product_brand":[],"product_cat":[15],"product_tag":[],"class_list":{"0":"post-4791","1":"product","2":"type-product","3":"status-publish","5":"product_cat-unkategorisiert","7":"first","8":"instock","9":"purchasable","10":"product-type-simple"},"_links":{"self":[{"href":"https:\/\/kvt-info.shop\/en\/wp-json\/wp\/v2\/product\/4791","targetHints":{"allow":["GET"]}}],"collection":[{"href":"https:\/\/kvt-info.shop\/en\/wp-json\/wp\/v2\/product"}],"about":[{"href":"https:\/\/kvt-info.shop\/en\/wp-json\/wp\/v2\/types\/product"}],"wp:attachment":[{"href":"https:\/\/kvt-info.shop\/en\/wp-json\/wp\/v2\/media?parent=4791"}],"wp:term":[{"taxonomy":"product_brand","embeddable":true,"href":"https:\/\/kvt-info.shop\/en\/wp-json\/wp\/v2\/product_brand?post=4791"},{"taxonomy":"product_cat","embeddable":true,"href":"https:\/\/kvt-info.shop\/en\/wp-json\/wp\/v2\/product_cat?post=4791"},{"taxonomy":"product_tag","embeddable":true,"href":"https:\/\/kvt-info.shop\/en\/wp-json\/wp\/v2\/product_tag?post=4791"}],"curies":[{"name":"wp","href":"https:\/\/api.w.org\/{rel}","templated":true}]}}