{"id":4751,"date":"2026-01-31T16:41:55","date_gmt":"2026-01-31T15:41:55","guid":{"rendered":"https:\/\/kvt-info.shop\/produkt\/transportriemen-fuellarm-2620x24x14mm-jagenberg-japack\/"},"modified":"2026-01-31T16:42:12","modified_gmt":"2026-01-31T15:42:12","slug":"transportriemen-fuellarm-2620x24x14mm-jagenberg-japack","status":"publish","type":"product","link":"https:\/\/kvt-info.shop\/en\/produkt\/transportriemen-fuellarm-2620x24x14mm-jagenberg-japack\/","title":{"rendered":"Transportriemen F\u00fcllarm 2620x24x1,4mm Jagenberg JaPack"},"content":{"rendered":"<p>Transportriemen am F\u00fcllarm f\u00fcr Jagenberg JaPack, mit folgenden Ma\u00dfen: 2620x24x1,4mm.<\/p>\n","protected":false},"excerpt":{"rendered":"<p>Transportriemen am F\u00fcllarm f\u00fcr Jagenberg JaPack, mit folgenden Ma\u00dfen: 2620x24x1,4mm.<\/p>\n","protected":false},"featured_media":0,"template":"","meta":{"_themeisle_gutenberg_block_has_review":false},"product_brand":[],"product_cat":[15],"product_tag":[],"class_list":{"0":"post-4751","1":"product","2":"type-product","3":"status-publish","5":"product_cat-unkategorisiert","7":"first","8":"instock","9":"purchasable","10":"product-type-simple"},"_links":{"self":[{"href":"https:\/\/kvt-info.shop\/en\/wp-json\/wp\/v2\/product\/4751","targetHints":{"allow":["GET"]}}],"collection":[{"href":"https:\/\/kvt-info.shop\/en\/wp-json\/wp\/v2\/product"}],"about":[{"href":"https:\/\/kvt-info.shop\/en\/wp-json\/wp\/v2\/types\/product"}],"wp:attachment":[{"href":"https:\/\/kvt-info.shop\/en\/wp-json\/wp\/v2\/media?parent=4751"}],"wp:term":[{"taxonomy":"product_brand","embeddable":true,"href":"https:\/\/kvt-info.shop\/en\/wp-json\/wp\/v2\/product_brand?post=4751"},{"taxonomy":"product_cat","embeddable":true,"href":"https:\/\/kvt-info.shop\/en\/wp-json\/wp\/v2\/product_cat?post=4751"},{"taxonomy":"product_tag","embeddable":true,"href":"https:\/\/kvt-info.shop\/en\/wp-json\/wp\/v2\/product_tag?post=4751"}],"curies":[{"name":"wp","href":"https:\/\/api.w.org\/{rel}","templated":true}]}}