{"id":4748,"date":"2026-01-31T16:52:33","date_gmt":"2026-01-31T15:52:33","guid":{"rendered":"https:\/\/kvt-info.shop\/produkt\/sonder-transportband-mit-laengstrillen-fuer-jagfeed-5400x650mm-cardbox-pinkafeld\/"},"modified":"2026-01-31T16:52:47","modified_gmt":"2026-01-31T15:52:47","slug":"sonder-transportband-mit-laengstrillen-fuer-jagfeed-5400x650mm-cardbox-pinkafeld","status":"publish","type":"product","link":"https:\/\/kvt-info.shop\/en\/produkt\/sonder-transportband-mit-laengstrillen-fuer-jagfeed-5400x650mm-cardbox-pinkafeld\/","title":{"rendered":"Sonder-Transportband mit L\u00e4ngstrillen f\u00fcr Jagfeed 5400x650mm Cardbox Pinkafeld"},"content":{"rendered":"<p>Transportband 5400x650mm f\u00fcr Jagenberg Jagfeed mit PVC Beschichtung und L\u00e4ngsrillen und Haken Verbindung.<\/p>\n","protected":false},"excerpt":{"rendered":"<p>Transportband 5400x650mm f\u00fcr Jagenberg Jagfeed mit PVC Beschichtung und L\u00e4ngsrillen und Haken Verbindung.<\/p>\n","protected":false},"featured_media":0,"template":"","meta":{"_themeisle_gutenberg_block_has_review":false},"product_brand":[],"product_cat":[15],"product_tag":[],"class_list":{"0":"post-4748","1":"product","2":"type-product","3":"status-publish","5":"product_cat-unkategorisiert","7":"first","8":"instock","9":"purchasable","10":"product-type-simple"},"_links":{"self":[{"href":"https:\/\/kvt-info.shop\/en\/wp-json\/wp\/v2\/product\/4748","targetHints":{"allow":["GET"]}}],"collection":[{"href":"https:\/\/kvt-info.shop\/en\/wp-json\/wp\/v2\/product"}],"about":[{"href":"https:\/\/kvt-info.shop\/en\/wp-json\/wp\/v2\/types\/product"}],"wp:attachment":[{"href":"https:\/\/kvt-info.shop\/en\/wp-json\/wp\/v2\/media?parent=4748"}],"wp:term":[{"taxonomy":"product_brand","embeddable":true,"href":"https:\/\/kvt-info.shop\/en\/wp-json\/wp\/v2\/product_brand?post=4748"},{"taxonomy":"product_cat","embeddable":true,"href":"https:\/\/kvt-info.shop\/en\/wp-json\/wp\/v2\/product_cat?post=4748"},{"taxonomy":"product_tag","embeddable":true,"href":"https:\/\/kvt-info.shop\/en\/wp-json\/wp\/v2\/product_tag?post=4748"}],"curies":[{"name":"wp","href":"https:\/\/api.w.org\/{rel}","templated":true}]}}