{"id":4743,"date":"2025-09-03T07:59:32","date_gmt":"2025-09-03T06:59:32","guid":{"rendered":"https:\/\/kvt-info.shop\/produkt\/achse-oe15-x-725mm-5-einstiche-fuer-verschiedene-rollen-jagenberg-heidelberg-diana\/"},"modified":"2025-09-03T07:59:33","modified_gmt":"2025-09-03T06:59:33","slug":"4743","status":"publish","type":"product","link":"https:\/\/kvt-info.shop\/en\/produkt\/4743\/","title":{"rendered":"Achse \u00d815 x 72,5mm (5-Einstiche) f\u00fcr verschiedene Rollen Jagenberg\/Heidelberg Diana"},"content":{"rendered":"<p>Achse f\u00fcr verschiedene Rollen, f\u00fcr Jagenberg\/Heidelberg Diana Maschinen, mit folgenden Ma\u00dfen: \u00d8Aussen= 15mm,L\u00e4nge= 72,5mm, Bohrung M8 einseitig (5-Einstiche).<\/p>\n","protected":false},"excerpt":{"rendered":"<p>Achse f\u00fcr verschiedene Rollen, f\u00fcr Jagenberg\/Heidelberg Diana Maschinen, mit folgenden Ma\u00dfen: \u00d8Aussen= 15mm,L\u00e4nge= 72,5mm, Bohrung M8 einseitig (5-Einstiche).<\/p>\n","protected":false},"featured_media":0,"template":"","meta":{"_themeisle_gutenberg_block_has_review":false},"product_brand":[],"product_cat":[15],"product_tag":[],"class_list":{"0":"post-4743","1":"product","2":"type-product","3":"status-publish","5":"product_cat-unkategorisiert","7":"first","8":"instock","9":"purchasable","10":"product-type-simple"},"_links":{"self":[{"href":"https:\/\/kvt-info.shop\/en\/wp-json\/wp\/v2\/product\/4743","targetHints":{"allow":["GET"]}}],"collection":[{"href":"https:\/\/kvt-info.shop\/en\/wp-json\/wp\/v2\/product"}],"about":[{"href":"https:\/\/kvt-info.shop\/en\/wp-json\/wp\/v2\/types\/product"}],"wp:attachment":[{"href":"https:\/\/kvt-info.shop\/en\/wp-json\/wp\/v2\/media?parent=4743"}],"wp:term":[{"taxonomy":"product_brand","embeddable":true,"href":"https:\/\/kvt-info.shop\/en\/wp-json\/wp\/v2\/product_brand?post=4743"},{"taxonomy":"product_cat","embeddable":true,"href":"https:\/\/kvt-info.shop\/en\/wp-json\/wp\/v2\/product_cat?post=4743"},{"taxonomy":"product_tag","embeddable":true,"href":"https:\/\/kvt-info.shop\/en\/wp-json\/wp\/v2\/product_tag?post=4743"}],"curies":[{"name":"wp","href":"https:\/\/api.w.org\/{rel}","templated":true}]}}