{"id":4742,"date":"2026-01-31T16:39:26","date_gmt":"2026-01-31T15:39:26","guid":{"rendered":"https:\/\/kvt-info.shop\/produkt\/ballige-rolle-oe40-x-46-uebergabestation-jagenberg-diana-pro-x135\/"},"modified":"2026-01-31T16:39:40","modified_gmt":"2026-01-31T15:39:40","slug":"ballige-rolle-oe40-x-46-uebergabestation-jagenberg-diana-pro-x135","status":"publish","type":"product","link":"https:\/\/kvt-info.shop\/en\/produkt\/ballige-rolle-oe40-x-46-uebergabestation-jagenberg-diana-pro-x135\/","title":{"rendered":"Ballige Rolle \u00d840 x 46 \u00dcbergabestation Jagenberg Diana Pro \/ X135"},"content":{"rendered":"<p>Ballige Anfangsrolle an der \u00dcbergabe Station, mit folgenden Ma\u00dfen: \u00d8=40mm; B=46mm; DI=32mm<\/p>\n","protected":false},"excerpt":{"rendered":"<p>Ballige Anfangsrolle an der \u00dcbergabe Station, mit folgenden Ma\u00dfen: \u00d8=40mm; B=46mm; DI=32mm<\/p>\n","protected":false},"featured_media":0,"template":"","meta":{"_themeisle_gutenberg_block_has_review":false},"product_brand":[],"product_cat":[15],"product_tag":[],"class_list":{"0":"post-4742","1":"product","2":"type-product","3":"status-publish","5":"product_cat-unkategorisiert","7":"first","8":"instock","9":"purchasable","10":"product-type-simple"},"_links":{"self":[{"href":"https:\/\/kvt-info.shop\/en\/wp-json\/wp\/v2\/product\/4742","targetHints":{"allow":["GET"]}}],"collection":[{"href":"https:\/\/kvt-info.shop\/en\/wp-json\/wp\/v2\/product"}],"about":[{"href":"https:\/\/kvt-info.shop\/en\/wp-json\/wp\/v2\/types\/product"}],"wp:attachment":[{"href":"https:\/\/kvt-info.shop\/en\/wp-json\/wp\/v2\/media?parent=4742"}],"wp:term":[{"taxonomy":"product_brand","embeddable":true,"href":"https:\/\/kvt-info.shop\/en\/wp-json\/wp\/v2\/product_brand?post=4742"},{"taxonomy":"product_cat","embeddable":true,"href":"https:\/\/kvt-info.shop\/en\/wp-json\/wp\/v2\/product_cat?post=4742"},{"taxonomy":"product_tag","embeddable":true,"href":"https:\/\/kvt-info.shop\/en\/wp-json\/wp\/v2\/product_tag?post=4742"}],"curies":[{"name":"wp","href":"https:\/\/api.w.org\/{rel}","templated":true}]}}