{"id":4739,"date":"2025-09-03T07:59:06","date_gmt":"2025-09-03T06:59:06","guid":{"rendered":"https:\/\/kvt-info.shop\/produkt\/achse-oe10-x-22mm-fuer-gefederten-rollenhebel-obere-station-jagenberg-diana-x85-x115\/"},"modified":"2025-09-03T07:59:15","modified_gmt":"2025-09-03T06:59:15","slug":"4739","status":"publish","type":"product","link":"https:\/\/kvt-info.shop\/en\/produkt\/4739\/","title":{"rendered":"Achse \u00d810 x 22mm f\u00fcr gefederten Rollenhebel obere Station Jagenberg Diana X85 &#8211; X115"},"content":{"rendered":"<p>Achse f\u00fcr gefederten Rollenhebel, obere Station. F\u00fcr Jagenberg Diana X85 &#8211; X115, mit folgenden Ma\u00dfen: \u00d810mm x 22mm + M6.<\/p>\n","protected":false},"excerpt":{"rendered":"<p>Achse f\u00fcr gefederten Rollenhebel, obere Station. F\u00fcr Jagenberg Diana X85 &#8211; X115, mit folgenden Ma\u00dfen: \u00d810mm x 22mm + M6.<\/p>\n","protected":false},"featured_media":0,"template":"","meta":{"_themeisle_gutenberg_block_has_review":false},"product_brand":[],"product_cat":[15],"product_tag":[],"class_list":{"0":"post-4739","1":"product","2":"type-product","3":"status-publish","5":"product_cat-unkategorisiert","7":"first","8":"instock","9":"purchasable","10":"product-type-simple"},"_links":{"self":[{"href":"https:\/\/kvt-info.shop\/en\/wp-json\/wp\/v2\/product\/4739","targetHints":{"allow":["GET"]}}],"collection":[{"href":"https:\/\/kvt-info.shop\/en\/wp-json\/wp\/v2\/product"}],"about":[{"href":"https:\/\/kvt-info.shop\/en\/wp-json\/wp\/v2\/types\/product"}],"wp:attachment":[{"href":"https:\/\/kvt-info.shop\/en\/wp-json\/wp\/v2\/media?parent=4739"}],"wp:term":[{"taxonomy":"product_brand","embeddable":true,"href":"https:\/\/kvt-info.shop\/en\/wp-json\/wp\/v2\/product_brand?post=4739"},{"taxonomy":"product_cat","embeddable":true,"href":"https:\/\/kvt-info.shop\/en\/wp-json\/wp\/v2\/product_cat?post=4739"},{"taxonomy":"product_tag","embeddable":true,"href":"https:\/\/kvt-info.shop\/en\/wp-json\/wp\/v2\/product_tag?post=4739"}],"curies":[{"name":"wp","href":"https:\/\/api.w.org\/{rel}","templated":true}]}}