{"id":4735,"date":"2026-01-31T16:41:19","date_gmt":"2026-01-31T15:41:19","guid":{"rendered":"https:\/\/kvt-info.shop\/produkt\/gefederter-rollenhebel-oberstation-transport-fuer-jagenberg-diana-165-4\/"},"modified":"2026-01-31T16:41:33","modified_gmt":"2026-01-31T15:41:33","slug":"gefederter-rollenhebel-oberstation-transport-fuer-jagenberg-diana-165-4","status":"publish","type":"product","link":"https:\/\/kvt-info.shop\/en\/produkt\/gefederter-rollenhebel-oberstation-transport-fuer-jagenberg-diana-165-4\/","title":{"rendered":"Gefederter Rollenhebel Oberstation Transport f\u00fcr Jagenberg Diana 165-4"},"content":{"rendered":"<p>Gefederter Rollenhebel f\u00fcr obere Transport Station, mit Lager ohne Feder und Bolzen. F\u00fcr Jagenberg Diana165-4<\/p>\n","protected":false},"excerpt":{"rendered":"<p>Gefederter Rollenhebel f\u00fcr obere Transport Station, mit Lager ohne Feder und Bolzen. F\u00fcr Jagenberg Diana165-4<\/p>\n","protected":false},"featured_media":0,"template":"","meta":{"_themeisle_gutenberg_block_has_review":false},"product_brand":[],"product_cat":[15],"product_tag":[],"class_list":{"0":"post-4735","1":"product","2":"type-product","3":"status-publish","5":"product_cat-unkategorisiert","7":"first","8":"instock","9":"purchasable","10":"product-type-simple"},"_links":{"self":[{"href":"https:\/\/kvt-info.shop\/en\/wp-json\/wp\/v2\/product\/4735","targetHints":{"allow":["GET"]}}],"collection":[{"href":"https:\/\/kvt-info.shop\/en\/wp-json\/wp\/v2\/product"}],"about":[{"href":"https:\/\/kvt-info.shop\/en\/wp-json\/wp\/v2\/types\/product"}],"wp:attachment":[{"href":"https:\/\/kvt-info.shop\/en\/wp-json\/wp\/v2\/media?parent=4735"}],"wp:term":[{"taxonomy":"product_brand","embeddable":true,"href":"https:\/\/kvt-info.shop\/en\/wp-json\/wp\/v2\/product_brand?post=4735"},{"taxonomy":"product_cat","embeddable":true,"href":"https:\/\/kvt-info.shop\/en\/wp-json\/wp\/v2\/product_cat?post=4735"},{"taxonomy":"product_tag","embeddable":true,"href":"https:\/\/kvt-info.shop\/en\/wp-json\/wp\/v2\/product_tag?post=4735"}],"curies":[{"name":"wp","href":"https:\/\/api.w.org\/{rel}","templated":true}]}}