{"id":4734,"date":"2026-01-31T16:37:34","date_gmt":"2026-01-31T15:37:34","guid":{"rendered":"https:\/\/kvt-info.shop\/produkt\/achse-oe15-fuer-gefederten-rollenhebel-oberstation-exzentrisch-mit-inbus-fuer-jagenberg-diana\/"},"modified":"2026-01-31T16:37:46","modified_gmt":"2026-01-31T15:37:46","slug":"achse-oe15-fuer-gefederten-rollenhebel-oberstation-exzentrisch-mit-inbus-fuer-jagenberg-diana","status":"publish","type":"product","link":"https:\/\/kvt-info.shop\/en\/produkt\/achse-oe15-fuer-gefederten-rollenhebel-oberstation-exzentrisch-mit-inbus-fuer-jagenberg-diana\/","title":{"rendered":"Achse \u00d815 f\u00fcr gefederten Rollenhebel Oberstation exzentrisch mit Inbus f\u00fcr Jagenberg Diana"},"content":{"rendered":"<p>Achse \u00d815 f\u00fcr gefederten Rollenhebel Oberstation exzentrisch mit Inbus f\u00fcr Jagenberg Diana<\/p>\n","protected":false},"excerpt":{"rendered":"<p>Achse \u00d815 f\u00fcr gefederten Rollenhebel Oberstation exzentrisch mit Inbus f\u00fcr Jagenberg Diana<\/p>\n","protected":false},"featured_media":0,"template":"","meta":{"_themeisle_gutenberg_block_has_review":false},"product_brand":[],"product_cat":[15],"product_tag":[],"class_list":{"0":"post-4734","1":"product","2":"type-product","3":"status-publish","5":"product_cat-unkategorisiert","7":"first","8":"instock","9":"purchasable","10":"product-type-simple"},"_links":{"self":[{"href":"https:\/\/kvt-info.shop\/en\/wp-json\/wp\/v2\/product\/4734","targetHints":{"allow":["GET"]}}],"collection":[{"href":"https:\/\/kvt-info.shop\/en\/wp-json\/wp\/v2\/product"}],"about":[{"href":"https:\/\/kvt-info.shop\/en\/wp-json\/wp\/v2\/types\/product"}],"wp:attachment":[{"href":"https:\/\/kvt-info.shop\/en\/wp-json\/wp\/v2\/media?parent=4734"}],"wp:term":[{"taxonomy":"product_brand","embeddable":true,"href":"https:\/\/kvt-info.shop\/en\/wp-json\/wp\/v2\/product_brand?post=4734"},{"taxonomy":"product_cat","embeddable":true,"href":"https:\/\/kvt-info.shop\/en\/wp-json\/wp\/v2\/product_cat?post=4734"},{"taxonomy":"product_tag","embeddable":true,"href":"https:\/\/kvt-info.shop\/en\/wp-json\/wp\/v2\/product_tag?post=4734"}],"curies":[{"name":"wp","href":"https:\/\/api.w.org\/{rel}","templated":true}]}}