{"id":4733,"date":"2025-09-03T07:59:06","date_gmt":"2025-09-03T06:59:06","guid":{"rendered":"https:\/\/kvt-info.shop\/produkt\/kunststoff-fuehrung-rechts-fuer-gefederten-rollenhebel-ausrichtstation-kvt\/"},"modified":"2025-09-03T07:59:09","modified_gmt":"2025-09-03T06:59:09","slug":"4733","status":"publish","type":"product","link":"https:\/\/kvt-info.shop\/en\/produkt\/4733\/","title":{"rendered":"Kunststoff-F\u00fchrung rechts f\u00fcr gefederten Rollenhebel Ausrichtstation (KVT)"},"content":{"rendered":"<p>Kunststoff F\u00fchrung rechts f\u00fcr gefederten Rollenhebel der Ausrichtstation (KVT) mit folgenden Ma\u00dfen: Breite= 28,5mm, L\u00e4nge= 60mm, Arm dicke= 7mm.<\/p>\n","protected":false},"excerpt":{"rendered":"<p>Kunststoff F\u00fchrung rechts f\u00fcr gefederten Rollenhebel der Ausrichtstation (KVT) mit folgenden Ma\u00dfen: Breite= 28,5mm, L\u00e4nge= 60mm, Arm dicke= 7mm.<\/p>\n","protected":false},"featured_media":0,"template":"","meta":{"_themeisle_gutenberg_block_has_review":false},"product_brand":[],"product_cat":[15],"product_tag":[],"class_list":{"0":"post-4733","1":"product","2":"type-product","3":"status-publish","5":"product_cat-unkategorisiert","7":"first","8":"instock","9":"purchasable","10":"product-type-simple"},"_links":{"self":[{"href":"https:\/\/kvt-info.shop\/en\/wp-json\/wp\/v2\/product\/4733","targetHints":{"allow":["GET"]}}],"collection":[{"href":"https:\/\/kvt-info.shop\/en\/wp-json\/wp\/v2\/product"}],"about":[{"href":"https:\/\/kvt-info.shop\/en\/wp-json\/wp\/v2\/types\/product"}],"wp:attachment":[{"href":"https:\/\/kvt-info.shop\/en\/wp-json\/wp\/v2\/media?parent=4733"}],"wp:term":[{"taxonomy":"product_brand","embeddable":true,"href":"https:\/\/kvt-info.shop\/en\/wp-json\/wp\/v2\/product_brand?post=4733"},{"taxonomy":"product_cat","embeddable":true,"href":"https:\/\/kvt-info.shop\/en\/wp-json\/wp\/v2\/product_cat?post=4733"},{"taxonomy":"product_tag","embeddable":true,"href":"https:\/\/kvt-info.shop\/en\/wp-json\/wp\/v2\/product_tag?post=4733"}],"curies":[{"name":"wp","href":"https:\/\/api.w.org\/{rel}","templated":true}]}}