{"id":4729,"date":"2026-01-31T16:37:34","date_gmt":"2026-01-31T15:37:34","guid":{"rendered":"https:\/\/kvt-info.shop\/produkt\/bundschraube-fuer-fallblech-ausrichtstation-am-band-fuer-jagenberg-heidelberg-diana\/"},"modified":"2026-01-31T16:37:50","modified_gmt":"2026-01-31T15:37:50","slug":"bundschraube-fuer-fallblech-ausrichtstation-am-band-fuer-jagenberg-heidelberg-diana","status":"publish","type":"product","link":"https:\/\/kvt-info.shop\/en\/produkt\/bundschraube-fuer-fallblech-ausrichtstation-am-band-fuer-jagenberg-heidelberg-diana\/","title":{"rendered":"Bundschraube f\u00fcr Fallblech Ausrichtstation am Band f\u00fcr Jagenberg \/ Heidelberg Diana"},"content":{"rendered":"<p>Bundschraube f\u00fcr Fallblech der Ausrichtstation am Band f\u00fcr Jagenberg \/ Heidelberg Diana, mit folgenden Ma\u00dfen: A1\u00d8=12mm, A2\u00d8=M5, L=16,5mm.<\/p>\n","protected":false},"excerpt":{"rendered":"<p>Bundschraube f\u00fcr Fallblech der Ausrichtstation am Band f\u00fcr Jagenberg \/ Heidelberg Diana, mit folgenden Ma\u00dfen: A1\u00d8=12mm, A2\u00d8=M5, L=16,5mm.<\/p>\n","protected":false},"featured_media":0,"template":"","meta":{"_themeisle_gutenberg_block_has_review":false},"product_brand":[],"product_cat":[15],"product_tag":[],"class_list":{"0":"post-4729","1":"product","2":"type-product","3":"status-publish","5":"product_cat-unkategorisiert","7":"first","8":"instock","9":"purchasable","10":"product-type-simple"},"_links":{"self":[{"href":"https:\/\/kvt-info.shop\/en\/wp-json\/wp\/v2\/product\/4729","targetHints":{"allow":["GET"]}}],"collection":[{"href":"https:\/\/kvt-info.shop\/en\/wp-json\/wp\/v2\/product"}],"about":[{"href":"https:\/\/kvt-info.shop\/en\/wp-json\/wp\/v2\/types\/product"}],"wp:attachment":[{"href":"https:\/\/kvt-info.shop\/en\/wp-json\/wp\/v2\/media?parent=4729"}],"wp:term":[{"taxonomy":"product_brand","embeddable":true,"href":"https:\/\/kvt-info.shop\/en\/wp-json\/wp\/v2\/product_brand?post=4729"},{"taxonomy":"product_cat","embeddable":true,"href":"https:\/\/kvt-info.shop\/en\/wp-json\/wp\/v2\/product_cat?post=4729"},{"taxonomy":"product_tag","embeddable":true,"href":"https:\/\/kvt-info.shop\/en\/wp-json\/wp\/v2\/product_tag?post=4729"}],"curies":[{"name":"wp","href":"https:\/\/api.w.org\/{rel}","templated":true}]}}