{"id":4728,"date":"2026-01-31T16:47:35","date_gmt":"2026-01-31T15:47:35","guid":{"rendered":"https:\/\/kvt-info.shop\/produkt\/achse-fuer-riemenscheibe-fuer-anleger-diana-x135-inlet\/"},"modified":"2026-01-31T16:48:02","modified_gmt":"2026-01-31T15:48:02","slug":"achse-fuer-riemenscheibe-fuer-anleger-diana-x135-inlet","status":"publish","type":"product","link":"https:\/\/kvt-info.shop\/en\/produkt\/achse-fuer-riemenscheibe-fuer-anleger-diana-x135-inlet\/","title":{"rendered":"Achse f\u00fcr Riemenscheibe f\u00fcr Anleger Diana X135 + Inlet"},"content":{"rendered":"<p>Achse f\u00fcr Riemenscheibe f\u00fcr Anleger, Heidelberg Diana X135 + Inlet Spotter<\/p>\n","protected":false},"excerpt":{"rendered":"<p>Achse f\u00fcr Riemenscheibe f\u00fcr Anleger, Heidelberg Diana X135 + Inlet Spotter<\/p>\n","protected":false},"featured_media":0,"template":"","meta":{"_themeisle_gutenberg_block_has_review":false},"product_brand":[],"product_cat":[15],"product_tag":[],"class_list":{"0":"post-4728","1":"product","2":"type-product","3":"status-publish","5":"product_cat-unkategorisiert","7":"first","8":"instock","9":"purchasable","10":"product-type-simple"},"_links":{"self":[{"href":"https:\/\/kvt-info.shop\/en\/wp-json\/wp\/v2\/product\/4728","targetHints":{"allow":["GET"]}}],"collection":[{"href":"https:\/\/kvt-info.shop\/en\/wp-json\/wp\/v2\/product"}],"about":[{"href":"https:\/\/kvt-info.shop\/en\/wp-json\/wp\/v2\/types\/product"}],"wp:attachment":[{"href":"https:\/\/kvt-info.shop\/en\/wp-json\/wp\/v2\/media?parent=4728"}],"wp:term":[{"taxonomy":"product_brand","embeddable":true,"href":"https:\/\/kvt-info.shop\/en\/wp-json\/wp\/v2\/product_brand?post=4728"},{"taxonomy":"product_cat","embeddable":true,"href":"https:\/\/kvt-info.shop\/en\/wp-json\/wp\/v2\/product_cat?post=4728"},{"taxonomy":"product_tag","embeddable":true,"href":"https:\/\/kvt-info.shop\/en\/wp-json\/wp\/v2\/product_tag?post=4728"}],"curies":[{"name":"wp","href":"https:\/\/api.w.org\/{rel}","templated":true}]}}