{"id":4723,"date":"2026-01-31T16:45:03","date_gmt":"2026-01-31T15:45:03","guid":{"rendered":"https:\/\/kvt-info.shop\/produkt\/umlenkrolle-faltriemen-oe80x59mm-jagenberg-diana-165-3-90-1-94-1\/"},"modified":"2026-01-31T16:45:10","modified_gmt":"2026-01-31T15:45:10","slug":"umlenkrolle-faltriemen-oe80x59mm-jagenberg-diana-165-3-90-1-94-1","status":"publish","type":"product","link":"https:\/\/kvt-info.shop\/en\/produkt\/umlenkrolle-faltriemen-oe80x59mm-jagenberg-diana-165-3-90-1-94-1\/","title":{"rendered":"Umlenkrolle Faltriemen \u00d880x59mm Jagenberg Diana 165-3 \/ 90-1 \/ 94-1"},"content":{"rendered":"<p>Umlenkrolle Faltriemen f\u00fcr Jagenberg Diana 165-3 \/ 90-1 \/ 94-1. Mit folgenden Ma\u00dfen: A\u00d8=80 mm x I\u00d8= 32 mm x B=59 mm.<\/p>\n","protected":false},"excerpt":{"rendered":"<p>Umlenkrolle Faltriemen f\u00fcr Jagenberg Diana 165-3 \/ 90-1 \/ 94-1. Mit folgenden Ma\u00dfen: A\u00d8=80 mm x I\u00d8= 32 mm x B=59 mm.<\/p>\n","protected":false},"featured_media":0,"template":"","meta":{"_themeisle_gutenberg_block_has_review":false},"product_brand":[],"product_cat":[15],"product_tag":[],"class_list":{"0":"post-4723","1":"product","2":"type-product","3":"status-publish","5":"product_cat-unkategorisiert","7":"first","8":"instock","9":"purchasable","10":"product-type-simple"},"_links":{"self":[{"href":"https:\/\/kvt-info.shop\/en\/wp-json\/wp\/v2\/product\/4723","targetHints":{"allow":["GET"]}}],"collection":[{"href":"https:\/\/kvt-info.shop\/en\/wp-json\/wp\/v2\/product"}],"about":[{"href":"https:\/\/kvt-info.shop\/en\/wp-json\/wp\/v2\/types\/product"}],"wp:attachment":[{"href":"https:\/\/kvt-info.shop\/en\/wp-json\/wp\/v2\/media?parent=4723"}],"wp:term":[{"taxonomy":"product_brand","embeddable":true,"href":"https:\/\/kvt-info.shop\/en\/wp-json\/wp\/v2\/product_brand?post=4723"},{"taxonomy":"product_cat","embeddable":true,"href":"https:\/\/kvt-info.shop\/en\/wp-json\/wp\/v2\/product_cat?post=4723"},{"taxonomy":"product_tag","embeddable":true,"href":"https:\/\/kvt-info.shop\/en\/wp-json\/wp\/v2\/product_tag?post=4723"}],"curies":[{"name":"wp","href":"https:\/\/api.w.org\/{rel}","templated":true}]}}