{"id":4720,"date":"2026-01-31T16:46:53","date_gmt":"2026-01-31T15:46:53","guid":{"rendered":"https:\/\/kvt-info.shop\/produkt\/messingbuchse-fuer-presswelle-oben-jagenberg-diana\/"},"modified":"2026-01-31T16:47:21","modified_gmt":"2026-01-31T15:47:21","slug":"messingbuchse-fuer-presswelle-oben-jagenberg-diana","status":"publish","type":"product","link":"https:\/\/kvt-info.shop\/en\/produkt\/messingbuchse-fuer-presswelle-oben-jagenberg-diana\/","title":{"rendered":"Messingbuchse f\u00fcr Presswelle oben Jagenberg Diana"},"content":{"rendered":"<p>Messingbuchse f\u00fcr Presswelle oben Jagenberg Diana \u00d845x\u00d860x50mm.<\/p>\n","protected":false},"excerpt":{"rendered":"<p>Messingbuchse f\u00fcr Presswelle oben Jagenberg Diana \u00d845x\u00d860x50mm.<\/p>\n","protected":false},"featured_media":0,"template":"","meta":{"_themeisle_gutenberg_block_has_review":false},"product_brand":[],"product_cat":[15],"product_tag":[],"class_list":{"0":"post-4720","1":"product","2":"type-product","3":"status-publish","5":"product_cat-unkategorisiert","7":"first","8":"instock","9":"purchasable","10":"product-type-simple"},"_links":{"self":[{"href":"https:\/\/kvt-info.shop\/en\/wp-json\/wp\/v2\/product\/4720","targetHints":{"allow":["GET"]}}],"collection":[{"href":"https:\/\/kvt-info.shop\/en\/wp-json\/wp\/v2\/product"}],"about":[{"href":"https:\/\/kvt-info.shop\/en\/wp-json\/wp\/v2\/types\/product"}],"wp:attachment":[{"href":"https:\/\/kvt-info.shop\/en\/wp-json\/wp\/v2\/media?parent=4720"}],"wp:term":[{"taxonomy":"product_brand","embeddable":true,"href":"https:\/\/kvt-info.shop\/en\/wp-json\/wp\/v2\/product_brand?post=4720"},{"taxonomy":"product_cat","embeddable":true,"href":"https:\/\/kvt-info.shop\/en\/wp-json\/wp\/v2\/product_cat?post=4720"},{"taxonomy":"product_tag","embeddable":true,"href":"https:\/\/kvt-info.shop\/en\/wp-json\/wp\/v2\/product_tag?post=4720"}],"curies":[{"name":"wp","href":"https:\/\/api.w.org\/{rel}","templated":true}]}}