{"id":4719,"date":"2026-01-31T16:38:11","date_gmt":"2026-01-31T15:38:11","guid":{"rendered":"https:\/\/kvt-info.shop\/produkt\/anfangs-endrolle-oe35x24mm-obere-station-ohne-lager-und-achse-jagenberg-diana\/"},"modified":"2026-01-31T16:38:26","modified_gmt":"2026-01-31T15:38:26","slug":"anfangs-endrolle-oe35x24mm-obere-station-ohne-lager-und-achse-jagenberg-diana","status":"publish","type":"product","link":"https:\/\/kvt-info.shop\/en\/produkt\/anfangs-endrolle-oe35x24mm-obere-station-ohne-lager-und-achse-jagenberg-diana\/","title":{"rendered":"Anfangs\/Endrolle \u00d835x24mm obere Station ohne Lager und Achse Jagenberg Diana"},"content":{"rendered":"<p>Anfangs und Endrolle f\u00fcr Jagenberg Diana obere Station ohne Lager und Achse. Mit folgenden Ma\u00dfen: \u00d8 Aussen=35, L\u00e4nge=24mm.<\/p>\n","protected":false},"excerpt":{"rendered":"<p>Anfangs und Endrolle f\u00fcr Jagenberg Diana obere Station ohne Lager und Achse. Mit folgenden Ma\u00dfen: \u00d8 Aussen=35, L\u00e4nge=24mm.<\/p>\n","protected":false},"featured_media":0,"template":"","meta":{"_themeisle_gutenberg_block_has_review":false},"product_brand":[],"product_cat":[15],"product_tag":[],"class_list":{"0":"post-4719","1":"product","2":"type-product","3":"status-publish","5":"product_cat-unkategorisiert","7":"first","8":"instock","9":"purchasable","10":"product-type-simple"},"_links":{"self":[{"href":"https:\/\/kvt-info.shop\/en\/wp-json\/wp\/v2\/product\/4719","targetHints":{"allow":["GET"]}}],"collection":[{"href":"https:\/\/kvt-info.shop\/en\/wp-json\/wp\/v2\/product"}],"about":[{"href":"https:\/\/kvt-info.shop\/en\/wp-json\/wp\/v2\/types\/product"}],"wp:attachment":[{"href":"https:\/\/kvt-info.shop\/en\/wp-json\/wp\/v2\/media?parent=4719"}],"wp:term":[{"taxonomy":"product_brand","embeddable":true,"href":"https:\/\/kvt-info.shop\/en\/wp-json\/wp\/v2\/product_brand?post=4719"},{"taxonomy":"product_cat","embeddable":true,"href":"https:\/\/kvt-info.shop\/en\/wp-json\/wp\/v2\/product_cat?post=4719"},{"taxonomy":"product_tag","embeddable":true,"href":"https:\/\/kvt-info.shop\/en\/wp-json\/wp\/v2\/product_tag?post=4719"}],"curies":[{"name":"wp","href":"https:\/\/api.w.org\/{rel}","templated":true}]}}