{"id":4717,"date":"2026-01-31T16:45:40","date_gmt":"2026-01-31T15:45:40","guid":{"rendered":"https:\/\/kvt-info.shop\/produkt\/gewindehuelse-fuer-leimwerksantrieb-bobst-domino-72\/"},"modified":"2026-01-31T16:45:54","modified_gmt":"2026-01-31T15:45:54","slug":"spindelmutter-fuer-leimwerksantrieb-bobst-domino-72","status":"publish","type":"product","link":"https:\/\/kvt-info.shop\/en\/produkt\/spindelmutter-fuer-leimwerksantrieb-bobst-domino-72\/","title":{"rendered":"Spindelmutter f\u00fcr Leimwerksantrieb Bobst Domino 72"},"content":{"rendered":"<p>Spindelmutter f\u00fcr Leimwerksantrieb Bobst Domino 72. Mit folgenden Ma\u00dfen: \u00d8A1=67mm,\u00d8A2=39mm, L\u00e4nge1= 30mm, L\u00e4nge2= 10mm.<\/p>\n","protected":false},"excerpt":{"rendered":"<p>Spindelmutter f\u00fcr Leimwerksantrieb Bobst Domino 72. Mit folgenden Ma\u00dfen: \u00d8A1=67mm,\u00d8A2=39mm, L\u00e4nge1= 30mm, L\u00e4nge2= 10mm.<\/p>\n","protected":false},"featured_media":0,"template":"","meta":{"_themeisle_gutenberg_block_has_review":false},"product_brand":[],"product_cat":[15],"product_tag":[],"class_list":{"0":"post-4717","1":"product","2":"type-product","3":"status-publish","5":"product_cat-unkategorisiert","7":"first","8":"instock","9":"purchasable","10":"product-type-simple"},"_links":{"self":[{"href":"https:\/\/kvt-info.shop\/en\/wp-json\/wp\/v2\/product\/4717","targetHints":{"allow":["GET"]}}],"collection":[{"href":"https:\/\/kvt-info.shop\/en\/wp-json\/wp\/v2\/product"}],"about":[{"href":"https:\/\/kvt-info.shop\/en\/wp-json\/wp\/v2\/types\/product"}],"wp:attachment":[{"href":"https:\/\/kvt-info.shop\/en\/wp-json\/wp\/v2\/media?parent=4717"}],"wp:term":[{"taxonomy":"product_brand","embeddable":true,"href":"https:\/\/kvt-info.shop\/en\/wp-json\/wp\/v2\/product_brand?post=4717"},{"taxonomy":"product_cat","embeddable":true,"href":"https:\/\/kvt-info.shop\/en\/wp-json\/wp\/v2\/product_cat?post=4717"},{"taxonomy":"product_tag","embeddable":true,"href":"https:\/\/kvt-info.shop\/en\/wp-json\/wp\/v2\/product_tag?post=4717"}],"curies":[{"name":"wp","href":"https:\/\/api.w.org\/{rel}","templated":true}]}}