{"id":4716,"date":"2026-01-31T16:55:41","date_gmt":"2026-01-31T15:55:41","guid":{"rendered":"https:\/\/kvt-info.shop\/produkt\/fuehrungsklotz-modifiziert-vorne-fuer-anleger-verstellung-bobst-domino-90\/"},"modified":"2026-01-31T16:55:52","modified_gmt":"2026-01-31T15:55:52","slug":"fuehrungsklotz-modifiziert-vorne-fuer-anleger-verstellung-bobst-domino-90","status":"publish","type":"product","link":"https:\/\/kvt-info.shop\/en\/produkt\/fuehrungsklotz-modifiziert-vorne-fuer-anleger-verstellung-bobst-domino-90\/","title":{"rendered":"F\u00fchrungsklotz (modifiziert) vorne f\u00fcr Anleger Verstellung Bobst Domino 90"},"content":{"rendered":"<p>Modifizierter F\u00fchrungsklotz vorne f\u00fcr Anleger Verstellung Bobst Domino 90, mit Gleitlagerbuchse und Schmiernippel. Mit folgenden Ma\u00dfen: L=80mm, Breite= 100mm, Tiefe= 50mm. Wichtig bei Bestellung Wellendurchmesser bestimmen! (\u00d8 40 oder 50mm)<\/p>\n","protected":false},"excerpt":{"rendered":"<p>Modifizierter F\u00fchrungsklotz vorne f\u00fcr Anleger Verstellung Bobst Domino 90, mit Gleitlagerbuchse und Schmiernippel. Mit folgenden Ma\u00dfen: L=80mm, Breite= 100mm, Tiefe= 50mm. Wichtig bei Bestellung Wellendurchmesser bestimmen! (\u00d8 40 oder 50mm)<\/p>\n","protected":false},"featured_media":0,"template":"","meta":{"_themeisle_gutenberg_block_has_review":false},"product_brand":[],"product_cat":[15],"product_tag":[],"class_list":{"0":"post-4716","1":"product","2":"type-product","3":"status-publish","5":"product_cat-unkategorisiert","7":"first","8":"instock","9":"purchasable","10":"product-type-simple"},"_links":{"self":[{"href":"https:\/\/kvt-info.shop\/en\/wp-json\/wp\/v2\/product\/4716","targetHints":{"allow":["GET"]}}],"collection":[{"href":"https:\/\/kvt-info.shop\/en\/wp-json\/wp\/v2\/product"}],"about":[{"href":"https:\/\/kvt-info.shop\/en\/wp-json\/wp\/v2\/types\/product"}],"wp:attachment":[{"href":"https:\/\/kvt-info.shop\/en\/wp-json\/wp\/v2\/media?parent=4716"}],"wp:term":[{"taxonomy":"product_brand","embeddable":true,"href":"https:\/\/kvt-info.shop\/en\/wp-json\/wp\/v2\/product_brand?post=4716"},{"taxonomy":"product_cat","embeddable":true,"href":"https:\/\/kvt-info.shop\/en\/wp-json\/wp\/v2\/product_cat?post=4716"},{"taxonomy":"product_tag","embeddable":true,"href":"https:\/\/kvt-info.shop\/en\/wp-json\/wp\/v2\/product_tag?post=4716"}],"curies":[{"name":"wp","href":"https:\/\/api.w.org\/{rel}","templated":true}]}}