{"id":4714,"date":"2025-09-03T07:58:36","date_gmt":"2025-09-03T06:58:36","guid":{"rendered":"https:\/\/kvt-info.shop\/produkt\/achse-590mm-x-oe16-10-fuer-anleger-verstellung-bobst-domino-90\/"},"modified":"2025-09-03T07:58:42","modified_gmt":"2025-09-03T06:58:42","slug":"4714","status":"publish","type":"product","link":"https:\/\/kvt-info.shop\/en\/produkt\/4714\/","title":{"rendered":"Achse 590mm x \u00d816\/10 f\u00fcr Anleger Verstellung Bobst Domino 90"},"content":{"rendered":"<p>Achse f\u00fcr Anleger Verstellung Bobst Domino 90, mit folgenden Ma\u00dfen: L\u00e4nge gesamt 590mm, \u00d816mm, Absatz \u00d810x16mm.<\/p>\n","protected":false},"excerpt":{"rendered":"<p>Achse f\u00fcr Anleger Verstellung Bobst Domino 90, mit folgenden Ma\u00dfen: L\u00e4nge gesamt 590mm, \u00d816mm, Absatz \u00d810x16mm.<\/p>\n","protected":false},"featured_media":0,"template":"","meta":{"_themeisle_gutenberg_block_has_review":false},"product_brand":[],"product_cat":[15],"product_tag":[],"class_list":{"0":"post-4714","1":"product","2":"type-product","3":"status-publish","5":"product_cat-unkategorisiert","7":"first","8":"instock","9":"purchasable","10":"product-type-simple"},"_links":{"self":[{"href":"https:\/\/kvt-info.shop\/en\/wp-json\/wp\/v2\/product\/4714","targetHints":{"allow":["GET"]}}],"collection":[{"href":"https:\/\/kvt-info.shop\/en\/wp-json\/wp\/v2\/product"}],"about":[{"href":"https:\/\/kvt-info.shop\/en\/wp-json\/wp\/v2\/types\/product"}],"wp:attachment":[{"href":"https:\/\/kvt-info.shop\/en\/wp-json\/wp\/v2\/media?parent=4714"}],"wp:term":[{"taxonomy":"product_brand","embeddable":true,"href":"https:\/\/kvt-info.shop\/en\/wp-json\/wp\/v2\/product_brand?post=4714"},{"taxonomy":"product_cat","embeddable":true,"href":"https:\/\/kvt-info.shop\/en\/wp-json\/wp\/v2\/product_cat?post=4714"},{"taxonomy":"product_tag","embeddable":true,"href":"https:\/\/kvt-info.shop\/en\/wp-json\/wp\/v2\/product_tag?post=4714"}],"curies":[{"name":"wp","href":"https:\/\/api.w.org\/{rel}","templated":true}]}}