{"id":4711,"date":"2026-01-31T16:40:41","date_gmt":"2026-01-31T15:40:41","guid":{"rendered":"https:\/\/kvt-info.shop\/produkt\/spannrolle-bb-liinks-fuer-riemenspanner-oe40x52mm-fuer-bobst-alpina-75\/"},"modified":"2026-01-31T16:40:57","modified_gmt":"2026-01-31T15:40:57","slug":"spannrolle-bb-liinks-fuer-riemenspanner-oe40x52mm-fuer-bobst-alpina-75","status":"publish","type":"product","link":"https:\/\/kvt-info.shop\/en\/produkt\/spannrolle-bb-liinks-fuer-riemenspanner-oe40x52mm-fuer-bobst-alpina-75\/","title":{"rendered":"Spannrolle BB Liinks f\u00fcr Riemenspanner \u00d840x52mm f\u00fcr Bobst Alpina 75"},"content":{"rendered":"<p>Spannrolle ballig linke Seite f\u00fcr Riemenspanner, Bobst Alpina 75. Mit folgenden Ma\u00dfen: \u00d8Aussen= 40mm, Breite =52mm.<\/p>\n","protected":false},"excerpt":{"rendered":"<p>Spannrolle ballig linke Seite f\u00fcr Riemenspanner, Bobst Alpina 75. Mit folgenden Ma\u00dfen: \u00d8Aussen= 40mm, Breite =52mm.<\/p>\n","protected":false},"featured_media":0,"template":"","meta":{"_themeisle_gutenberg_block_has_review":false},"product_brand":[],"product_cat":[15],"product_tag":[],"class_list":{"0":"post-4711","1":"product","2":"type-product","3":"status-publish","5":"product_cat-unkategorisiert","7":"first","8":"instock","9":"purchasable","10":"product-type-simple"},"_links":{"self":[{"href":"https:\/\/kvt-info.shop\/en\/wp-json\/wp\/v2\/product\/4711","targetHints":{"allow":["GET"]}}],"collection":[{"href":"https:\/\/kvt-info.shop\/en\/wp-json\/wp\/v2\/product"}],"about":[{"href":"https:\/\/kvt-info.shop\/en\/wp-json\/wp\/v2\/types\/product"}],"wp:attachment":[{"href":"https:\/\/kvt-info.shop\/en\/wp-json\/wp\/v2\/media?parent=4711"}],"wp:term":[{"taxonomy":"product_brand","embeddable":true,"href":"https:\/\/kvt-info.shop\/en\/wp-json\/wp\/v2\/product_brand?post=4711"},{"taxonomy":"product_cat","embeddable":true,"href":"https:\/\/kvt-info.shop\/en\/wp-json\/wp\/v2\/product_cat?post=4711"},{"taxonomy":"product_tag","embeddable":true,"href":"https:\/\/kvt-info.shop\/en\/wp-json\/wp\/v2\/product_tag?post=4711"}],"curies":[{"name":"wp","href":"https:\/\/api.w.org\/{rel}","templated":true}]}}