{"id":4708,"date":"2025-09-03T07:58:04","date_gmt":"2025-09-03T06:58:04","guid":{"rendered":"https:\/\/kvt-info.shop\/produkt\/rolle-ablage-flipper-ballig-oe32-x-48mm-fuer-bobst-alpina-75\/"},"modified":"2025-09-03T07:58:27","modified_gmt":"2025-09-03T06:58:27","slug":"4708","status":"publish","type":"product","link":"https:\/\/kvt-info.shop\/en\/produkt\/4708\/","title":{"rendered":"Rolle Ablage Flipper ballig \u00d832 x 48mm f\u00fcr Bobst Alpina 75"},"content":{"rendered":"<p>Rolle ballig f\u00fcr Flipper \/ Ablagestation, Bobst Alpina 75. Mit folgenden Ma\u00dfen: \u00d8Aussen= 32mm, Breite 48mm.<\/p>\n","protected":false},"excerpt":{"rendered":"<p>Rolle ballig f\u00fcr Flipper \/ Ablagestation, Bobst Alpina 75. Mit folgenden Ma\u00dfen: \u00d8Aussen= 32mm, Breite 48mm.<\/p>\n","protected":false},"featured_media":0,"template":"","meta":{"_themeisle_gutenberg_block_has_review":false},"product_brand":[],"product_cat":[15],"product_tag":[],"class_list":{"0":"post-4708","1":"product","2":"type-product","3":"status-publish","5":"product_cat-unkategorisiert","7":"first","8":"instock","9":"purchasable","10":"product-type-simple"},"_links":{"self":[{"href":"https:\/\/kvt-info.shop\/en\/wp-json\/wp\/v2\/product\/4708","targetHints":{"allow":["GET"]}}],"collection":[{"href":"https:\/\/kvt-info.shop\/en\/wp-json\/wp\/v2\/product"}],"about":[{"href":"https:\/\/kvt-info.shop\/en\/wp-json\/wp\/v2\/types\/product"}],"wp:attachment":[{"href":"https:\/\/kvt-info.shop\/en\/wp-json\/wp\/v2\/media?parent=4708"}],"wp:term":[{"taxonomy":"product_brand","embeddable":true,"href":"https:\/\/kvt-info.shop\/en\/wp-json\/wp\/v2\/product_brand?post=4708"},{"taxonomy":"product_cat","embeddable":true,"href":"https:\/\/kvt-info.shop\/en\/wp-json\/wp\/v2\/product_cat?post=4708"},{"taxonomy":"product_tag","embeddable":true,"href":"https:\/\/kvt-info.shop\/en\/wp-json\/wp\/v2\/product_tag?post=4708"}],"curies":[{"name":"wp","href":"https:\/\/api.w.org\/{rel}","templated":true}]}}