{"id":4705,"date":"2025-09-03T07:58:04","date_gmt":"2025-09-03T06:58:04","guid":{"rendered":"https:\/\/kvt-info.shop\/produkt\/transportrolle-unterstation-mit-bund-oe36x30mm-fuer-bobst-alpina-75\/"},"modified":"2025-09-03T07:58:23","modified_gmt":"2025-09-03T06:58:23","slug":"4705","status":"publish","type":"product","link":"https:\/\/kvt-info.shop\/en\/produkt\/4705\/","title":{"rendered":"Transportrolle Unterstation mit Bund, \u00d836x30mm f\u00fcr Bobst Alpina 75"},"content":{"rendered":"<p>Transportrolle an Unterstation mit Bund f\u00fcr Bobst Alpina, mit folgenden Ma\u00dfen: \u00d8Aussen= 36mm, \u00d8Innen= mm, Breite= 30mm.<\/p>\n","protected":false},"excerpt":{"rendered":"<p>Transportrolle an Unterstation mit Bund f\u00fcr Bobst Alpina, mit folgenden Ma\u00dfen: \u00d8Aussen= 36mm, \u00d8Innen= mm, Breite= 30mm.<\/p>\n","protected":false},"featured_media":0,"template":"","meta":{"_themeisle_gutenberg_block_has_review":false},"product_brand":[],"product_cat":[15],"product_tag":[],"class_list":{"0":"post-4705","1":"product","2":"type-product","3":"status-publish","5":"product_cat-unkategorisiert","7":"first","8":"instock","9":"purchasable","10":"product-type-simple"},"_links":{"self":[{"href":"https:\/\/kvt-info.shop\/en\/wp-json\/wp\/v2\/product\/4705","targetHints":{"allow":["GET"]}}],"collection":[{"href":"https:\/\/kvt-info.shop\/en\/wp-json\/wp\/v2\/product"}],"about":[{"href":"https:\/\/kvt-info.shop\/en\/wp-json\/wp\/v2\/types\/product"}],"wp:attachment":[{"href":"https:\/\/kvt-info.shop\/en\/wp-json\/wp\/v2\/media?parent=4705"}],"wp:term":[{"taxonomy":"product_brand","embeddable":true,"href":"https:\/\/kvt-info.shop\/en\/wp-json\/wp\/v2\/product_brand?post=4705"},{"taxonomy":"product_cat","embeddable":true,"href":"https:\/\/kvt-info.shop\/en\/wp-json\/wp\/v2\/product_cat?post=4705"},{"taxonomy":"product_tag","embeddable":true,"href":"https:\/\/kvt-info.shop\/en\/wp-json\/wp\/v2\/product_tag?post=4705"}],"curies":[{"name":"wp","href":"https:\/\/api.w.org\/{rel}","templated":true}]}}