{"id":4704,"date":"2025-09-03T07:58:04","date_gmt":"2025-09-03T06:58:04","guid":{"rendered":"https:\/\/kvt-info.shop\/produkt\/achse-fuer-transportrolle-einleger-einzug-oe12x36mm-bobst-alpina-75\/"},"modified":"2025-09-03T07:58:22","modified_gmt":"2025-09-03T06:58:22","slug":"4704","status":"publish","type":"product","link":"https:\/\/kvt-info.shop\/en\/produkt\/4704\/","title":{"rendered":"Achse f\u00fcr Transportrolle Einleger Einzug \u00d812x36mm Bobst Alpina 75"},"content":{"rendered":"<p>Achse f\u00fcr Transportrolle am Einleger Einzugstation Bobst Alpina 75, mit folgenden Ma\u00dfen: \u00d8Aussen= 12mm, Breite= 36mm, M8.<\/p>\n","protected":false},"excerpt":{"rendered":"<p>Achse f\u00fcr Transportrolle am Einleger Einzugstation Bobst Alpina 75, mit folgenden Ma\u00dfen: \u00d8Aussen= 12mm, Breite= 36mm, M8.<\/p>\n","protected":false},"featured_media":0,"template":"","meta":{"_themeisle_gutenberg_block_has_review":false},"product_brand":[],"product_cat":[15],"product_tag":[],"class_list":{"0":"post-4704","1":"product","2":"type-product","3":"status-publish","5":"product_cat-unkategorisiert","7":"first","8":"instock","9":"purchasable","10":"product-type-simple"},"_links":{"self":[{"href":"https:\/\/kvt-info.shop\/en\/wp-json\/wp\/v2\/product\/4704","targetHints":{"allow":["GET"]}}],"collection":[{"href":"https:\/\/kvt-info.shop\/en\/wp-json\/wp\/v2\/product"}],"about":[{"href":"https:\/\/kvt-info.shop\/en\/wp-json\/wp\/v2\/types\/product"}],"wp:attachment":[{"href":"https:\/\/kvt-info.shop\/en\/wp-json\/wp\/v2\/media?parent=4704"}],"wp:term":[{"taxonomy":"product_brand","embeddable":true,"href":"https:\/\/kvt-info.shop\/en\/wp-json\/wp\/v2\/product_brand?post=4704"},{"taxonomy":"product_cat","embeddable":true,"href":"https:\/\/kvt-info.shop\/en\/wp-json\/wp\/v2\/product_cat?post=4704"},{"taxonomy":"product_tag","embeddable":true,"href":"https:\/\/kvt-info.shop\/en\/wp-json\/wp\/v2\/product_tag?post=4704"}],"curies":[{"name":"wp","href":"https:\/\/api.w.org\/{rel}","templated":true}]}}