{"id":4702,"date":"2025-09-03T07:58:04","date_gmt":"2025-09-03T06:58:04","guid":{"rendered":"https:\/\/kvt-info.shop\/produkt\/fuerhrungsrolle-einleger-einzug-vakuumstation-oe50oe32x28mm-fuer-bobst-alpina-75\/"},"modified":"2025-09-03T07:58:20","modified_gmt":"2025-09-03T06:58:20","slug":"4702","status":"publish","type":"product","link":"https:\/\/kvt-info.shop\/en\/produkt\/4702\/","title":{"rendered":"F\u00fcrhrungsrolle Einleger Einzug Vakuumstation \u00d850,\u00d832x28mm f\u00fcr Bobst Alpina 75"},"content":{"rendered":"<p>F\u00fchrungsrolle am Einleger f\u00fcr Vakuum Einzugsstation, Bobst Alpina 75 mit folgenden Ma\u00dfen: \u00d8Aussen= 50mm, \u00d8Innen= 32mm, Breite= 28mm. Ohne Achse und Lager.<\/p>\n","protected":false},"excerpt":{"rendered":"<p>F\u00fchrungsrolle am Einleger f\u00fcr Vakuum Einzugsstation, Bobst Alpina 75 mit folgenden Ma\u00dfen: \u00d8Aussen= 50mm, \u00d8Innen= 32mm, Breite= 28mm. Ohne Achse und Lager.<\/p>\n","protected":false},"featured_media":0,"template":"","meta":{"_themeisle_gutenberg_block_has_review":false},"product_brand":[],"product_cat":[15],"product_tag":[],"class_list":{"0":"post-4702","1":"product","2":"type-product","3":"status-publish","5":"product_cat-unkategorisiert","7":"first","8":"instock","9":"purchasable","10":"product-type-simple"},"_links":{"self":[{"href":"https:\/\/kvt-info.shop\/en\/wp-json\/wp\/v2\/product\/4702","targetHints":{"allow":["GET"]}}],"collection":[{"href":"https:\/\/kvt-info.shop\/en\/wp-json\/wp\/v2\/product"}],"about":[{"href":"https:\/\/kvt-info.shop\/en\/wp-json\/wp\/v2\/types\/product"}],"wp:attachment":[{"href":"https:\/\/kvt-info.shop\/en\/wp-json\/wp\/v2\/media?parent=4702"}],"wp:term":[{"taxonomy":"product_brand","embeddable":true,"href":"https:\/\/kvt-info.shop\/en\/wp-json\/wp\/v2\/product_brand?post=4702"},{"taxonomy":"product_cat","embeddable":true,"href":"https:\/\/kvt-info.shop\/en\/wp-json\/wp\/v2\/product_cat?post=4702"},{"taxonomy":"product_tag","embeddable":true,"href":"https:\/\/kvt-info.shop\/en\/wp-json\/wp\/v2\/product_tag?post=4702"}],"curies":[{"name":"wp","href":"https:\/\/api.w.org\/{rel}","templated":true}]}}